{"id":1878,"date":"2014-12-03T19:22:53","date_gmt":"2014-12-03T16:22:53","guid":{"rendered":"http:\/\/www.rauhalahtiroadrunners.com\/?page_id=1878"},"modified":"2015-02-23T21:00:38","modified_gmt":"2015-02-23T19:00:38","slug":"hiihtokalenteri-2015","status":"publish","type":"page","link":"https:\/\/www.rauhalahtiroadrunners.com\/?page_id=1878","title":{"rendered":"Hiihtokalenteri 2015"},"content":{"rendered":"<h6 align=\"left\"><span style=\"font-size: 14px;\"><strong>Hiihto- ja luistelutapahtumia talvella 2015<\/strong><\/span><\/h6>\n<p align=\"left\">P\u00e4ivitetty 20.1.2015<\/p>\n<p align=\"left\"><a title=\"Kuopion latutilanne\" href=\"http:\/\/www30.fastroi.fi\/LATUKUOPIO\/latu_01.html\" target=\"_blank\">Kuopion latujen kunnostustilanne<\/a><\/p>\n<p><strong>Helmikuu<br \/>\n<\/strong>14.-15.2.2015 <a href=\"http:\/\/mikkelinhiihtajat.sporttisaitti.com\/savonia\/\" target=\"_blank\">Savonia-hiihto <\/a>Mikkeliss\u00e4<strong><br \/>\n<\/strong>18.-21.2.2015 <a href=\"http:\/\/www.finlandicemarathon.com\/\" target=\"_blank\">Finland Ice Marathon<\/a>, Kuopion matkustajasatama<br \/>\nla-su 21.-22.2.2015 <a title=\"Finlandia Hiihto\" href=\"http:\/\/www.finlandiahiihto.fi\/\" target=\"_blank\">Finlandia Hiihto<\/a><br \/>\nla 28.2.2015 <a title=\"Soisalon Hiihto\" href=\"http:\/\/www.soisalonhiihto.fi\/\" target=\"_blank\">Soisalon Hiihto Lepp\u00e4virran Konnuslahdessa<\/a>\u00a0\u00a0 \u00a0<span style=\"color: #ff0000; font-size: 14pt;\">Peruttu latutilanteen vuoksi<\/span><\/p>\n<p><strong>Maaliskuu<br \/>\n<\/strong>la-su 28.2.-1.3.2015 R\u00e4s\u00e4-Ukon laturetki Siilinj\u00e4rvelt\u00e4 Maaningalle, <a href=\"..\/..\/rasa_ukko_kartta.pdf\" target=\"_blank\">latukartta<\/a>, <a title=\"lis\u00e4tietoa\" href=\"http:\/\/www.rauhalahtiroadrunners.com\/?page_id=1018\" target=\"_blank\">lis\u00e4tiedot<\/a>\u00a0(juttu vuodelta 2013),\u00a0Timo Hy\u00f6tyl\u00e4inen puh. 044 740 1360<br \/>\nla-su 28.2.-1.3.2015 <a href=\"http:\/\/www.iisalmenlatu.fi\/tulevia-tapahtumia\/lasten-lajes-28-2\/\">Lasten Lajes (la)<\/a> ja <a href=\"http:\/\/www.iisalmenlatu.fi\/tulevia-tapahtumia\/lajes-1-3\/\">Lajeksen Laturetki (su)<\/a>\u00a0Iisalmessa<br \/>\nla-su 28.2.-1.3.2015 <a title=\"Kolin Maisemahiihto\" href=\"http:\/\/www.maisemahiihto.fi\" target=\"_blank\">Kolin Maisemahiihto<\/a><strong><br \/>\n<\/strong>su 1.3.2015 <a title=\"Pirkan Hiihto\" href=\"http:\/\/www.pirkankierros.fi\/pages\/index.php\/hiihto\" target=\"_blank\">Pirkan Hiihto <\/a>(Kankaanp\u00e4\u00e4st\u00e4 Tampereelle 90 km)<br \/>\npe-la 6.-7.3.2015 <a title=\"Ahmanhiihto\" href=\"http:\/\/www.ahmanhiihto.fi\" target=\"_blank\">Ahmanhiihto <\/a>Kolilla<br \/>\nla 7.3.2015\u00a0\u00a0<a title=\"Puijon Laturetki\" href=\"http:\/\/www.puijonlaturetki.com\/\" target=\"_blank\">Puijon laturetki<\/a>\u00a0(PHS)<br \/>\nla 7.3.2015 <a href=\"http:\/\/www.tervahiihto.fi\/index.php?p=thetusivu\" target=\"_blank\">Terwahiihto<\/a> Utaj\u00e4rvelt\u00e4 Ouluun<br \/>\nsu 8.3.2015 <a title=\"Paulintaival\" href=\"http:\/\/www.paulintaival.fi\" target=\"_blank\">Paulintaival<\/a><br \/>\nla-su 21.-22.3.2015 <a title=\"Pogostan Hiihto\" href=\"http:\/\/www.pogostanhiihto.fi\/\" target=\"_blank\">Pogostan Hiihto Ilomantsissa<\/a><br \/>\nla 21.3.2015 <a href=\"http:\/\/www.haastaitsesikunnolla.fi\/vuokatti+hiihto\/\" target=\"_blank\">Vuokatti Hiihto<\/a><\/p>\n<p>Lis\u00e4tietoa:<br \/>\n<a href=\"http:\/\/www.suomenlatu.fi\/suomen_latu\/\">Suomen Latu<\/a><\/p>\n","protected":false},"excerpt":{"rendered":"<p>Hiihto- ja luistelutapahtumia talvella 2015 P\u00e4ivitetty 20.1.2015 Kuopion latujen kunnostustilanne Helmikuu 14.-15.2.2015 Savonia-hiihto Mikkeliss\u00e4 18.-21.2.2015 Finland Ice Marathon, Kuopion matkustajasatama la-su 21.-22.2.2015 Finlandia Hiihto la 28.2.2015 Soisalon Hiihto Lepp\u00e4virran Konnuslahdessa\u00a0\u00a0 \u00a0Peruttu latutilanteen vuoksi Maaliskuu la-su 28.2.-1.3.2015 R\u00e4s\u00e4-Ukon laturetki Siilinj\u00e4rvelt\u00e4 Maaningalle, latukartta, lis\u00e4tiedot\u00a0(juttu vuodelta 2013),\u00a0Timo Hy\u00f6tyl\u00e4inen puh. 044 740 1360 la-su 28.2.-1.3.2015 Lasten Lajes (la) ja &#8230; <a title=\"Hiihtokalenteri 2015\" class=\"read-more\" href=\"https:\/\/www.rauhalahtiroadrunners.com\/?page_id=1878\" aria-label=\"Lue lis\u00e4\u00e4 aiheesta Hiihtokalenteri 2015\">Lue lis\u00e4\u00e4<\/a><\/p>\n","protected":false},"author":3,"featured_media":0,"parent":0,"menu_order":0,"comment_status":"closed","ping_status":"open","template":"","meta":{"footnotes":""},"class_list":["post-1878","page","type-page","status-publish"],"_links":{"self":[{"href":"https:\/\/www.rauhalahtiroadrunners.com\/index.php?rest_route=\/wp\/v2\/pages\/1878","targetHints":{"allow":["GET"]}}],"collection":[{"href":"https:\/\/www.rauhalahtiroadrunners.com\/index.php?rest_route=\/wp\/v2\/pages"}],"about":[{"href":"https:\/\/www.rauhalahtiroadrunners.com\/index.php?rest_route=\/wp\/v2\/types\/page"}],"author":[{"embeddable":true,"href":"https:\/\/www.rauhalahtiroadrunners.com\/index.php?rest_route=\/wp\/v2\/users\/3"}],"replies":[{"embeddable":true,"href":"https:\/\/www.rauhalahtiroadrunners.com\/index.php?rest_route=%2Fwp%2Fv2%2Fcomments&post=1878"}],"version-history":[{"count":17,"href":"https:\/\/www.rauhalahtiroadrunners.com\/index.php?rest_route=\/wp\/v2\/pages\/1878\/revisions"}],"predecessor-version":[{"id":2055,"href":"https:\/\/www.rauhalahtiroadrunners.com\/index.php?rest_route=\/wp\/v2\/pages\/1878\/revisions\/2055"}],"wp:attachment":[{"href":"https:\/\/www.rauhalahtiroadrunners.com\/index.php?rest_route=%2Fwp%2Fv2%2Fmedia&parent=1878"}],"curies":[{"name":"wp","href":"https:\/\/api.w.org\/{rel}","templated":true}]}}