{"id":1848,"date":"2014-11-18T11:29:56","date_gmt":"2014-11-18T08:29:56","guid":{"rendered":"http:\/\/www.rauhalahtiroadrunners.com\/?page_id=1848"},"modified":"2016-01-01T13:07:22","modified_gmt":"2016-01-01T10:07:22","slug":"juoksukalenteri-2015","status":"publish","type":"page","link":"https:\/\/www.rauhalahtiroadrunners.com\/?page_id=1848","title":{"rendered":"Juoksukalenteri 2015"},"content":{"rendered":"<p>P\u00e4ivitetty 1.1.2016<br \/>\n<strong>Huom! ??? rivin alussa tarkoittaa, ett\u00e4 ajankohta ei ole viel\u00e4 tiedossa (ainakaan yll\u00e4pit\u00e4j\u00e4ll\u00e4).<\/strong><\/p>\n<p><strong>TAMMIKUU<\/strong><\/p>\n<p>su 25.1.2015 klo 9:00 <a href=\"http:\/\/seponkotisivut.dreamhosters.com\/public_html\/kotirataultra\/kotirataultra.php\" target=\"_blank\">Kotirataultra<\/a> (1-2 x 25 km), l\u00e4ht\u00f6 <a href=\"http:\/\/www.rauhalahti.fi\/\" target=\"_blank\">Kylpyl\u00e4hotelli Rauhalahdesta<\/a>, katso <a href=\"..\/..\/2009_kotirataultrareitit.htm\" target=\"_blank\">reitti<\/a> V\u00e4n\u00e4rin ja Saaristokaupungin kautta, ilmoita tuloksesi <a title=\"Ilmoita tulokset\" href=\"http:\/\/seponkotisivut.dreamhosters.com\/public_html\/kotirataultra\/kotirata15\/sign.php\" target=\"_blank\">t\u00e4nne<\/a>.<br \/>\nsu 25.1.2015 <a href=\"http:\/\/www.grancanariamaraton.com\/en\/\">Gran Canaria Maraton<\/a>, Las Palmas, <a title=\"Gran Canaria Maraton 2015\" href=\"http:\/\/www.rauhalahtiroadrunners.com\/?p=2027\">tulokset ja pari kuvaa<\/a><\/p>\n<p><strong>HELMIKUU<\/strong><\/p>\n<p>la 21. &#8211; su 22.2.2015 klo 12:00 <a href=\"http:\/\/www.endurance.fi\/24\/\" target=\"_blank\">VII ENDURANCE 24h<\/a> Espoossa Esport Ratiopharm Arenalla<br \/>\nsu 22.2.2015 klo 9:00 <a href=\"http:\/\/seponkotisivut.dreamhosters.com\/public_html\/kotirataultra\/kotirataultra.php\" target=\"_blank\">Kotirataultra<\/a> (1-2 x 25 km), l\u00e4ht\u00f6 <a href=\"http:\/\/www.rauhalahti.fi\/\" target=\"_blank\">Kylpyl\u00e4hotelli Rauhalahdesta<\/a>, sama <a href=\"..\/..\/2009_kotirataultrareitit.htm\" target=\"_blank\">reitti<\/a> kuin tammikuussa, ilmoita tuloksesi <a title=\"Ilmoita tulokset\" href=\"http:\/\/seponkotisivut.dreamhosters.com\/public_html\/kotirataultra\/kotirata15\/sign.php\" target=\"_blank\">t\u00e4nne<\/a><\/p>\n<p><strong>MAALISKUU<\/strong><\/p>\n<p>su 15.3.2015 <a href=\"http:\/\/www.zurichmaratobarcelona.es\/index_e.php\" target=\"_blank\">Barcelonan Maraton<\/a>, <a title=\"Barcelonan maraton 2015\" href=\"http:\/\/www.rauhalahtiroadrunners.com\/?p=2069\">tuloksia<\/a><\/p>\n<p><strong>HUHTIKUU<\/strong><\/p>\n<p>ma 6.4.2015 klo 12:00 <a title=\"Kolmen Kylpyl\u00e4n Kirmaisu 2015\" href=\"http:\/\/www.rauhalahtiroadrunners.com\/?page_id=2012\" target=\"_blank\">Kolmen Kylpyl\u00e4n Kirmaisu<\/a> (=KKK) Siilinj\u00e4rvelt\u00e4\u00a0Kuopioon,\u00a0<a title=\"KKK:n reittikartta\" href=\"http:\/\/www.rauhalahtiroadrunners.com\/?page_id=2005\" target=\"_blank\">zoomattava reittikartta<\/a>, <a href=\"http:\/\/www.rauhalahtiroadrunners.com\/?p=2092\" target=\"_blank\">kuvaraportti<br \/>\n<\/a>la 11.4.2015 klo 13:00 <a title=\"Kesport Lepp\u00e4virta -maantiejuoksu\" href=\"http:\/\/www.kilpailukalenteri.fi\/?cs=16&amp;nid=14094\" target=\"_blank\">Kesport Lepp\u00e4virta -maantiejuoksu<\/a>, Lepp\u00e4virta, <a href=\"http:\/\/www.juoksija-lehti.fi\/Portals\/47\/Tapahtumatulokset\/11.04.2015%20PM-maantiejuoksu,%20Lepp\u00e4virta.txt\" target=\"_blank\">tulokset<\/a><br \/>\nsu 12.4.2015 <a href=\"http:\/\/www.abnamromarathonrotterdam.com\/\" target=\"_blank\">Rotterdamin maraton<\/a>, Hollanti<br \/>\nsu 12.4.2015 <a href=\"http:\/\/www.schneiderelectricparismarathon.com\/us\/cookie#content\" target=\"_blank\">Pariisin maraton<\/a>, <a title=\"Pariisin maraton 2015\" href=\"http:\/\/www.rauhalahtiroadrunners.com\/?p=2108\">tuloksia<\/a><br \/>\nla 18.4.2015 <a href=\"http:\/\/sjundeaif.sporttisaitti.com\/yleisurheilu-friidrott\/fm-landsvag-2015-sm-maantie-2015\/\" target=\"_blank\">SM-maantiejuoksu<\/a>, Siuntio<br \/>\nma 20.4.2015 <a title=\"Bostonin maraton\" href=\"http:\/\/www.baa.org\" target=\"_blank\">Bostonin maraton<\/a>, USA<br \/>\n(<a title=\"Kallavesj-h\u00f6lkk\u00e4\" href=\"http:\/\/www.rauhalahtiroadrunners.com\/kallavesj\" target=\"_blank\">Kallavesj -h\u00f6lkk\u00e4 <\/a>V\u00e4in\u00f6l\u00e4nniemell\u00e4 Kuopiossa, <strong>EI J\u00c4RJESTET\u00c4 VUONNA 2015)<\/strong><br \/>\nla 25.4.2015 klo 12:00 <a href=\"http:\/\/www.kyronjokimaraton.com\/\" target=\"_blank\">Kyr\u00f6njoki-maraton<\/a> Ylistarossa, <a href=\"http:\/\/www.kyronjokimaraton.com\/maratonin_tulokset\/TULOSLUE2015.HTM\" target=\"_blank\">tulokset<\/a><br \/>\nla 25.4.2015 klo 12:00 <a title=\"Maaninka-h\u00f6lkk\u00e4\" href=\"http:\/\/www.maaninganmahti.sporttisaitti.com\/\" target=\"_blank\">Maaninka-h\u00f6lkk\u00e4<\/a>, Maaninka urheilutalo, <a href=\"https:\/\/maaninganmahti-sporttisaitti-com.directo.fi\/@Bin\/283947\/Tulokset.htm\" target=\"_blank\">tulokset<\/a><br \/>\nsu 26.4.2015 <a href=\"http:\/\/www.metrogroup-marathon.de\/home-en-GB\/\" target=\"_blank\">D\u00fcsseldorfin maraton<\/a>, Saksa<br \/>\nsu 26.4.2015\u00a0<a href=\"http:\/\/www.haspa-marathon-hamburg.de\/index.php\/en\" target=\"_blank\">Hampurin maraton<\/a>, Saksa<\/p>\n<p><strong>TOUKOKUU<\/strong><\/p>\n<p>la 9.5.2015 klo 10-16\u00a0<a title=\"Kuopio 6h Run\" href=\"http:\/\/www.rauhalahtiroadrunners.com\/k6h\/\">Kuopio 6h Run <\/a>V\u00e4in\u00f6l\u00e4nniemell\u00e4 Kuopiossa, <a href=\"http:\/\/www.rauhalahtiroadrunners.com\/k6h\/?page_id=96\" target=\"_blank\">tulokset ja kuvat<\/a><br \/>\nla 9.5.2015 <a href=\"http:\/\/sm-maastot2015.imatranurheilijat.fi\/\" target=\"_blank\">SAUL:n SM-maastojuoksut<\/a>, Imatra, tulokset: <a href=\"http:\/\/www.resultservice.fi\/2015\/sm_maasto_la\/\" target=\"_blank\">lauantai<\/a> \u00a0<a href=\"http:\/\/www.resultservice.fi\/2015\/sm_maasto_su\/\" target=\"_blank\">sunnuntai<\/a><br \/>\nla 16.5.2015 klo 13:00 <a title=\"Asics-katujuoksu\" href=\"http:\/\/karttu.sporttisaitti.com\/asics-katujuoksu-la-16-5-2015\/\" target=\"_blank\">Karttulan Asics -katujuoksu<\/a>, Karttula, Kissakuusen koulu, <a href=\"http:\/\/karttu.sporttisaitti.com\/asics-katujuoksu-la-16-5-2015\/tulokset-v-2015\/\" target=\"_blank\">tulokset<\/a><br \/>\nla 16.5.2015 klo 10:00\u00a0<a href=\"https:\/\/kututriathlon.wordpress.com\/puijon-polut-16-5-2015\/\" target=\"_blank\">Puijon Polut <\/a>(7\/21 km), <a title=\"Puijon Polut 16.5.2015\" href=\"http:\/\/www.rauhalahtiroadrunners.com\/?p=2132\">kuvaraportti ja tulokset<\/a><br \/>\nla 16.5.2015 klo 10:00 <a href=\"http:\/\/www.joensuumaraton.fi\/\" target=\"_blank\">Joensuun maraton<\/a> (puolikas klo 11:15), <a title=\"Joensuun maraton 2015\" href=\"http:\/\/www.rauhalahtiroadrunners.com\/?p=2146\" target=\"_blank\">tulokset<\/a><br \/>\nla 16.5.2015 klo 15:00 <a href=\"http:\/\/www.helsinkicityrun.com\/\" target=\"_blank\">Helsinki City Run<\/a>, <a title=\"HCR 16.5.2015\" href=\"http:\/\/www.rauhalahtiroadrunners.com\/?p=2137\">tuloksia<\/a><br \/>\nsu 17.5.2015 <a href=\"http:\/\/www.lattelecomrigasmaratons.lv\/fi\/\" target=\"_blank\">Riian maraton<\/a>, Latvia, <a href=\"https:\/\/www.rigasmaratons.lv\/Results.aspx\" target=\"_blank\">tulokset<\/a><br \/>\nsu 24.5.2015 <a href=\"http:\/\/www.copenhagenmarathon.dk\/\" target=\"_blank\">K\u00f6\u00f6penhaminan maraton<\/a>, Tanska<br \/>\nla 23.5.2015 klo 13:00 Asics <a title=\"Tahko Run\" href=\"http:\/\/www.tahkorun.fi\/\" target=\"_blank\">Tahko Run <\/a>(puolikas ja kymppi)\u00a0Tahkovuorella, <a title=\"Tahko Run 2015\" href=\"http:\/\/www.rauhalahtiroadrunners.com\/?p=2154\">tulokset<\/a><br \/>\nla 23.5.2015 klo 12:00 <a href=\"http:\/\/www.terwamaraton.fi\/\" target=\"_blank\">Terwah\u00f6lkk\u00e4 ja -maraton<\/a>\u00a0Oulussa, <a title=\"Terwamaraton 23.5.2015\" href=\"http:\/\/www.rauhalahtiroadrunners.com\/?p=2159\">tulokset<\/a><br \/>\nla 30.5.2015 klo 12:00 <a href=\"http:\/\/www.stockholmmarathon.se\/Start\/index.cfm?Lan_ID=2\" target=\"_blank\">Tukholman maraton<\/a>, <a title=\"Tukholman maraton 2015\" href=\"http:\/\/www.rauhalahtiroadrunners.com\/?p=2166\">tuloksia<\/a><\/p>\n<p><strong>KES\u00c4KUU<br \/>\n<\/strong><br \/>\nla 6.6.2015 klo 08:40 <a href=\"http:\/\/www.helsinkihalfmarathon.fi\/\" target=\"_blank\">Helsinki Half Marathon<\/a>,<a href=\"http:\/\/www.championchip.ee\/ftp\/liveresults\/2015\/150606_21km\/\" target=\"_blank\"> tulokset<\/a><br \/>\nla 6.6.2015 klo 11:00 <a href=\"http:\/\/varkkv.sporttisaitti.com\/kilpailut\/varkauspuolikas\/\" target=\"_blank\">Varkaus Puolikas<\/a>, Uimahalli Ilopisara, <a title=\"Varkaus Puolikas 2015\" href=\"http:\/\/www.rauhalahtiroadrunners.com\/?p=2172\">tulokset<\/a><br \/>\nla 6.6.2015 klo 11:00 <a title=\"VALIO-maitojuoksu\" href=\"http:\/\/kiuruvedenurheilijat.sporttisaitti.com\/tapahtumat\/valio-maitojuoksu-2015\/\" target=\"_blank\">VALIO-maitojuoksu<\/a>, Kiuruvesi, <a href=\"http:\/\/kiuruvedenurheilijat.sporttisaitti.com\/tapahtumat\/valio-maitojuoksu-2015\/tulokset-2015\/\" target=\"_blank\">tulokset<\/a><br \/>\nla-su 6.-7.6.2015 klo 19:00 alkaen\u00a0<a href=\"http:\/\/www.endurance.fi\/suomi-juoksu\/\" target=\"_blank\"> SUOMI-juoksu &amp;\u00a0 Perni\u00f6n 60km &amp;\u00a0 Y\u00f6maraton &amp;\u00a0Iltakymppi Perni\u00f6ss\u00e4 (Salossa)<\/a>, <a title=\"SUOMI-juoksu 2015\" href=\"http:\/\/www.rauhalahtiroadrunners.com\/?p=2176\" target=\"_blank\">tulokset<\/a><br \/>\nla 13.6.2015 klo 15:00 <a href=\"http:\/\/www.alajarvenankkurit.fi\/hiihto\/alajarvi-maraton\/\" target=\"_blank\">Alaj\u00e4rven maraton<\/a>, <a href=\"http:\/\/www.juoksija-lehti.fi\/Portals\/47\/Tapahtumatulokset\/13.06.2015%20Alaj\u00e4rvi%20Maraton.txt\" target=\"_blank\">tulokset<\/a><br \/>\nla 13.6.2015 klo 16:00 <a href=\"http:\/\/www.suvi-ilta.fi\/\" target=\"_blank\">Forssan Suvi-Ilta<\/a>, <a title=\"Forssan Suvi-ilta 2015\" href=\"http:\/\/www.rauhalahtiroadrunners.com\/?p=2200\">tulokset<\/a><br \/>\npe 19.6.2015 klo 12:00\u00a0<a href=\"http:\/\/www.lannevesi.fi\/\" target=\"_blank\">Kiimasen Savulenkki <\/a>Saarij\u00e4rven Lannevedell\u00e4, <a href=\"http:\/\/www.lannevesi.fi\/Savu2015_tulos.htm\" target=\"_blank\">tulokset<\/a><br \/>\nla 27.6.2015 klo 12:30 <a href=\"http:\/\/paavonurmimarathon.fi\/\" target=\"_blank\">Paavo Nurmi Marathon<\/a>, Turku<br \/>\nsu 28.6.2015 klo 09:00 <a title=\"Pietarin maraton\" href=\"http:\/\/www.wnmarathon.ru\/\" target=\"_blank\">Pietarin Valkeat Y\u00f6t -maraton<\/a>, Ven\u00e4j\u00e4<\/p>\n<p><strong>HEIN\u00c4KUU<\/strong><\/p>\n<p>ke 1.7.2015 klo 19:00 <a title=\"Kivennavan Kierto 2015\" href=\"http:\/\/www.rauhalahtiroadrunners.com\/?page_id=2044\" target=\"_blank\">Kivennavan kierto<\/a>, Juankoski (Kuonantie 280),<a href=\"http:\/\/www.rauhalahtiroadrunners.com\/?p=2223\"> raportti<\/a><br \/>\npe 3.7.2015 klo 21:00 (kymppi jo 20:00) <a title=\"Y\u00f6maraton\" href=\"http:\/\/varpaisjarvenvire.sporttisaitti.com\/?x254310=263772\" target=\"_blank\">Varpaisj\u00e4rven Y\u00f6maraton<\/a>, <a href=\"http:\/\/www.rauhalahtiroadrunners.com\/2015_yomaraton_tulokset.pdf\" target=\"_blank\">tulokset<\/a><br \/>\nla 4.7.2015 klo 15:00 <a title=\"Mikkeli Juoksu\" href=\"http:\/\/www.mikkelinklassikot.fi\/mikkeli-juoksu\/\" target=\"_blank\">Mikkeli Juoksu<\/a>, <a href=\"http:\/\/zetorsoft.fi\/ajanotto15\/tulokset.php?knro=1\" target=\"_blank\">tulokset<\/a><br \/>\nsu 19.7.2015 klo 11:00 <a title=\"Pyh\u00e4n Olavin maraton\" href=\"http:\/\/www.savonlinnanseudunliikunta.fi\/pyhan-olavin-maraton\/pyhan-olavin-maraton\/\" target=\"_blank\">Pyh\u00e4n Olavin IV maraton ja SAUL:n SM-maraton Savonlinnassa<\/a>, <a href=\"http:\/\/www.rauhalahtiroadrunners.com\/?p=2243\" target=\"_blank\">raportti<\/a><\/p>\n<p><strong>ELOKUU<br \/>\n<\/strong><br \/>\nla 1.8.2015 klo 13:00 <a href=\"http:\/\/kuusaa.com\/maraton\/\" target=\"_blank\">Kuusaan maraton<\/a>, Haapaj\u00e4rvi, Kuusaan kyl\u00e4talo, <a href=\"http:\/\/kuusaa.com\/wp-content\/uploads\/2013\/10\/Kuusaa-M-2015-Tulokset.pdf\" target=\"_blank\">tulokset<\/a><br \/>\nla 8.8.2015 klo 12:00 <a href=\"http:\/\/www.kempelemaraton.net\/kempelezmaraton\/\" target=\"_blank\">KempeleZmaraton<\/a>, <a href=\"http:\/\/online4.tulospalvelu.fi\/tulokset\/fi\/2015_kempele\/\" target=\"_blank\">tulokset<\/a><br \/>\nla 15.8.2015 klo 11:00 <a href=\"http:\/\/www.holokka.fi\/\" target=\"_blank\">L\u00e4nsiranta -h\u00f6l\u00f6kk\u00e4<\/a> Niemisj\u00e4rven kyl\u00e4talolta l\u00e4htien, <a href=\"http:\/\/holokka.fi\/vuoden-2015-holokka-maaliin-tulokset\/\">tulokset<\/a><br \/>\nla 15.8.2015 klo 15:00 <a href=\"http:\/\/www.helsinkicitymarathon.fi\/\" target=\"_blank\">Helsinki City Marathon<\/a>, <a href=\"http:\/\/www.rauhalahtiroadrunners.com\/?p=2276\">tulokset<\/a><br \/>\nla 15.8.2015 klo 15:45 <a href=\"http:\/\/www.helsinkistreetrun.fi\/\" target=\"_blank\">Helsinki Street Run <\/a>(17 km), <a href=\"http:\/\/live.ultimate.dk\/desktop\/front\/index.php?eventid=2676&amp;language=fi\" target=\"_blank\">tulokset<\/a><br \/>\nsu 16.8.2015 <a href=\"http:\/\/www.lyon2015.com\/en\" target=\"_blank\">WMA-MM-maraton<\/a>, Lyon, Ranska, <a href=\"http:\/\/www.rauhalahtiroadrunners.com\/?p=2271\">tulokset<\/a><br \/>\nti 18.8.2015 klo 18:00 <a href=\"http:\/\/kuopiotrailcup.wordpress.com\/\" target=\"_blank\">INOV8 Trail Cup Kuopio <\/a>osa 1, <a href=\"http:\/\/www.racetecresults.com\/Results.aspx?CId=16587&amp;RId=34\" target=\"_blank\">tulokset<\/a><br \/>\nla 22.8.2015 klo 08:00 <a href=\"http:\/\/www.perakylanponnistus.com\/kilpailut\/unelma.php\" target=\"_blank\">Masokistin Unelma (mm. 100 km) Helsingin Palohein\u00e4ss\u00e4<\/a>, <a href=\"http:\/\/www.perakylanponnistus.com\/tulokset\/maso2015.php\" target=\"_blank\">tulokset<\/a><br \/>\nla 22.8.2015 klo 12:00 <a title=\"Sukevan h\u00f6lkk\u00e4\" href=\"http:\/\/sukevankisa.sporttisaitti.com\/tapahtumakalenteri\/?x118457=264211\" target=\"_blank\">Sukevan h\u00f6lkk\u00e4<\/a>, Sukeva, <a href=\"http:\/\/sukevankisa.sporttisaitti.com\/tulosporssi\/\" target=\"_blank\">tulokset<\/a><br \/>\nti 25.8.2015 klo 18:00 <a href=\"http:\/\/kuopiotrailcup.wordpress.com\/\" target=\"_blank\">INOV8 Trail Cup Kuopio <\/a>osa\u00a02, <a href=\"http:\/\/www.racetecresults.com\/Results.aspx?CId=16587&amp;RId=35\" target=\"_blank\">tulokset<\/a><br \/>\nla 29.8.2015 klo 12:00\u00a0<a title=\"Tampere Maraton\" href=\"http:\/\/www.varalamaraton.net\/\" target=\"_blank\">Tampere Maraton<\/a>, <a href=\"http:\/\/live.ultimate.dk\/desktop\/front\/index.php?eventid=2903&amp;language=fi&amp;ignoreuseragent=true\" target=\"_blank\">tulokset<\/a><\/p>\n<p><strong>SYYSKUU<br \/>\n<\/strong><br \/>\nti 1.9.2015 klo 18:00 <a href=\"http:\/\/kuopiotrailcup.wordpress.com\/\" target=\"_blank\">INOV8 Trail Cup Kuopio <\/a>osa 3, <a href=\"http:\/\/www.racetecresults.com\/Results.aspx?CId=16587&amp;RId=34\" target=\"_blank\">tulokset<\/a><br \/>\npe-la 4.-5.9.2015\u00a0 <a href=\"http:\/\/www.kuopiomaraton.com\/\" target=\"_blank\">Kuopio Maraton<\/a>, <a href=\"http:\/\/www.rauhalahtiroadrunners.com\/?p=2300\">raportti<\/a><br \/>\nla 5.9.2015 klo 12:00 <a href=\"http:\/\/www.ruskamaraton.com\" target=\"_blank\">Ruskamaraton<\/a> Kittil\u00e4n Levill\u00e4, <a href=\"http:\/\/resultservice.fi\/2015\/ruska\/\" target=\"_blank\">tulokset<\/a><br \/>\nti 8.9.2015 klo 18:00 <a href=\"http:\/\/kuopiotrailcup.wordpress.com\/\" target=\"_blank\">INOV8 Trail Cup Kuopio\u00a0<\/a>Finaali, <a href=\"http:\/\/www.racetecresults.com\/Results.aspx?CId=16587&amp;RId=38\" target=\"_blank\">tulokset<\/a><br \/>\nla 12.9.2015 <a title=\"Medocin maraton\" href=\"http:\/\/www.marathondumedoc.com\" target=\"_blank\">Medocin viinimaraton<\/a>, Ranska<br \/>\nla 12.9.2015 <a href=\"http:\/\/www.finlandiamarathon.fi\/\" target=\"_blank\">Finlandia Marathon Jyv\u00e4skyl\u00e4ss\u00e4<\/a>, <a href=\"http:\/\/www.rauhalahtiroadrunners.com\/?p=2309\">tulokset<\/a><br \/>\nsu 13.9.2015 klo 09:00 <a href=\"http:\/\/www.tallinnmarathon.ee\/?lang=FI\" target=\"_blank\">Tallinnan maraton<\/a>, Viro, <a href=\"http:\/\/www.rauhalahtiroadrunners.com\/?p=2312\">tulokset<\/a><br \/>\nsu 13.9.2015 <a href=\"http:\/\/www.vilniausmaratonas.lt\/en\">Vilnan maraton<\/a>, Liettua, <a href=\"http:\/\/www.rauhalahtiroadrunners.com\/?p=2316\" target=\"_blank\">raportti<\/a><br \/>\nsu 13.9.2015 klo 13:00 <a title=\"Petosen h\u00f6lkk\u00e4\" href=\"http:\/\/www.petosennallet.fi\/holkkakutsu.html\" target=\"_blank\">Petosen h\u00f6lkk\u00e4 Kuopiossa Litmasen kent\u00e4ll\u00e4<\/a>, <a href=\"http:\/\/www.petosennallet.fi\/2015.html\">tulokset<\/a><br \/>\nke 16.9.2015 klo 18:30 Puijon puserrus, Kuopio Puijon hiihtostadion, <a href=\"http:\/\/www.tilastopaja.org\/fi\/res\/tulokset.asp?u_action=display&amp;u_log=24486\" target=\"_blank\">tulokset<\/a><br \/>\nla 19.9.2015 klo 10:30\u00a0<a href=\"http:\/\/personal.inet.fi\/urheilu\/jaska.lehtonen\/MARATON.HTM\">Kullervo -maraton<\/a>\u00a0Joutsenossa, <a href=\"http:\/\/www.rauhalahtiroadrunners.com\/?p=2324\">tulokset<\/a><br \/>\nla 19.9.2015 <a href=\"http:\/\/www.haastaitsesikunnolla.fi\/vuokatin+vaellus\/\" target=\"_blank\">Vuokatin vaellus <\/a>(5, 9, 12 ja 20 km)<br \/>\nsu 20.9.2015 klo 12:00\u00a0<a title=\"Voivakka-juoksu\" href=\"http:\/\/leppavirranviri.sporttisaitti.com\/yleisurheilu\/voivakka-juoksu-2013\/\" target=\"_blank\">Voivakkajuoksu<\/a> (16,6\/8,3 km) Lepp\u00e4virta, Kotalahden ent. koulu, <a href=\"http:\/\/www.rauhalahtiroadrunners.com\/?p=2348\">tulokset<\/a><br \/>\nsu 20.9.2015 klo 12-15 <a title=\"Kansa k\u00e4velee ja h\u00f6lkk\u00e4\u00e4 2013\" href=\"http:\/\/www.rauhalahtiroadrunners.com\/?page_id=2288\" target=\"_blank\">Kansa k\u00e4velee ja h\u00f6lkk\u00e4\u00e4 <\/a>Kuopiossa Valkeisenlammen ymp\u00e4rist\u00f6ss\u00e4<br \/>\nla 26.9.2015 klo 17:30 <a href=\"http:\/\/www.ryul.net\/maasto.htm\" target=\"_blank\">RYUL:n avoimet maastomestaruuskilpailut Kuopiossa<\/a>, <a href=\"http:\/\/www.ryul.net\/maasto2014kuopio.pdf\" target=\"_blank\">tulokset<\/a><br \/>\nla 26.9.2015 klo 11:00 <a href=\"http:\/\/kuopionriento.fi\/kuopio-hard-run-2\/\" target=\"_blank\">Kuopio Hard Run<\/a>, <a href=\"http:\/\/www.rauhalahtiroadrunners.com\/?p=2359\">raportti<\/a><br \/>\npe-su 25.-27.9.2015 <a href=\"http:\/\/www.lidingoloppet.se\/fi\/\" target=\"_blank\">Liding\u00f6loppet <\/a>Tukholmassa<br \/>\nsu 27.9.2015 <a href=\"http:\/\/www.real-berlin-marathon.com\/\" target=\"_blank\">Berliinin maraton<\/a>, Saksa, <a href=\"http:\/\/www.rauhalahtiroadrunners.com\/?p=2363\">tuloksia<\/a><\/p>\n<p><strong>LOKAKUU<\/strong><\/p>\n<p>la 3.10.2015 klo 07:00 alkaen\u00a0<a href=\"http:\/\/www.vaarojenmaraton.fi\" target=\"_blank\">Vaarojen maraton<\/a> Kolilla, <a href=\"http:\/\/my5.raceresult.com\/37497\/?lang=fi#\" target=\"_blank\">tulokset<\/a><br \/>\nla 3.10.2015 klo 11:00 <a href=\"http:\/\/karttu.sporttisaitti.com\/?x118281=492209\">Pohjois-Savon maakuntaviestijuoksu <\/a>Karttulassa, <a href=\"http:\/\/www.rauhalahtiroadrunners.com\/?p=2367\">raportti<\/a><br \/>\nsu 4.10.2015 klo 10:30\u00a0<a href=\"http:\/\/www.maraton.osmotex.com\/osh\/maraton.html\" target=\"_blank\"> Osmon Superh\u00f6lkk\u00e4 ja Maraton <\/a>Pieks\u00e4m\u00e4ell\u00e4, <a href=\"http:\/\/www.rauhalahtiroadrunners.com\/?p=2380\">raportti<\/a><br \/>\nla 10.10.2015 klo 11:00 <a href=\"http:\/\/www.vantaanmaraton.net\/\" target=\"_blank\">Vantaan maraton<\/a>, Tikkurilan uimahalli, <a href=\"http:\/\/www.rauhalahtiroadrunners.com\/?p=2387\">tulokset<\/a><br \/>\nsu 11.10.2015 <a href=\"http:\/\/www.muenchenmarathon.de\/en\/\">M\u00fcnchenin maraton<\/a>, Saksa<br \/>\nsu 11.10.2015 <a href=\"http:\/\/www.budapestmarathon.com\/\" target=\"_blank\">Budapestin maraton<\/a>, Unkari<br \/>\nla 17.10.2015 klo 10:30\/10:45\/12:30 <a href=\"http:\/\/kankaanpaanmaraton.com\/\" target=\"_blank\">Kankaanp\u00e4\u00e4n maraton<\/a>, <a href=\"http:\/\/www.rauhalahtiroadrunners.com\/?p=2390\">tulokset<\/a><br \/>\nla 17.10.2015 klo 12:00 <a href=\"http:\/\/www.tahkovuorijuoksu.fi\/\" target=\"_blank\">Tahko Vuorijuoksu <\/a>Tahkovuorella, <a href=\"http:\/\/www.racetecresults.com\/livelb.aspx?CId=16587&amp;RId=40&amp;EId=1\" target=\"_blank\">tulokset<\/a><br \/>\nsu 18.10.2015 <a href=\"http:\/\/www.tcsamsterdammarathon.nl\/en\/\" target=\"_blank\">Amsterdamin maraton<\/a>, Hollanti<br \/>\nla 24.10.2015 alkaen klo 09:00 ja 15:00 <a href=\"http:\/\/www.wihankilometrit.fi\/\" target=\"_blank\">Wihan kilometrit<\/a> Tampereella, <a href=\"http:\/\/www.kotikone.fi\/pjh\/running\/wiha\/wiha2015online.htm\" target=\"_blank\">tulokset<\/a><br \/>\nsu 25.10.2015 <a href=\"http:\/\/www.bmw-frankfurt-marathon.com\/en\/home.html\" target=\"_blank\">Frankfurtin maraton<\/a>, Saksa<br \/>\nsu 25.10.2015 <a href=\"http:\/\/vw-ljubljanskimaraton.si\/en\/\">Ljubljanan maraton<\/a>, Slovenia, <a href=\"http:\/\/www.rauhalahtiroadrunners.com\/?p=2398\">raportti<\/a><br \/>\nla 31.10.2015 klo 11:00 <a href=\"http:\/\/www.rauhalahtiroadrunners.com\/?page_id=2291\">RRR:n maastojuoksukisa<\/a> Rauhalahdessa, <a href=\"http:\/\/www.rauhalahtiroadrunners.com\/?p=2401\">raportti<\/a><\/p>\n<p><strong>MARRASKUU<br \/>\n<\/strong><br \/>\nsu 1.11.2015 Vesileppish\u00f6lkk\u00e4, Lepp\u00e4virta, <a href=\"http:\/\/www.juoksija-lehti.fi\/Portals\/47\/Tapahtumatulokset\/01.11.2015%20Vesileppish\u00f6lkk\u00e4,%20Lepp\u00e4virta.txt\">tulokset<\/a><br \/>\nsu 1.11.2015<a title=\"NYC Marathon\" href=\"http:\/\/www.ingnycmarathon.org\/\" target=\"_blank\"> The ING New York City Marathon<\/a>, USA<br \/>\nla-su 14.-15.11.2015 alkaen klo 20:00 <a href=\"http:\/\/joensuu12h.wordpress.com\/\" target=\"_blank\">Joensuu Night Run 12H<\/a>, <a href=\"http:\/\/my5.raceresult.com\/44619\/results?lang=fi#\" target=\"_blank\">tulokset<\/a><\/p>\n<p><strong>JOULUKUU<\/strong><\/p>\n<p>su 6.12.2015 klo 09:00 alkaen <a title=\"Itsen\u00e4isyysmaraton 2015\" href=\"http:\/\/www.kuopionreipas.fi\/kilpailut-ja-tapahtumat\/itsenaisyysmaraton-6-12-2015\/\" target=\"_blank\">Itsen\u00e4isyysmaraton<\/a> Kuopiossa,\u00a0<a href=\"http:\/\/www.rauhalahtiroadrunners.com\/?p=2421\" target=\"_blank\">tulokset ja kuvat<\/a><br \/>\nto 31.12.2015 klo 18:00 <a href=\"http:\/\/www.juoksija-lehti.fi\/Tapahtumat\/Juoksukalenteri.aspx&amp;id=5924\" target=\"_blank\">Uudenvuodenjuoksu<\/a> (5\/3 km), Maaninka urheilutalo, <a href=\"http:\/\/www.rauhalahtiroadrunners.com\/?p=2467\">tulokset ja kuvat<\/a><\/p>\n<p><strong>Muita linkkej\u00e4:<\/strong><\/p>\n<p>Juoksijalehden <a href=\"http:\/\/www.juoksija-lehti.fi\/Default.aspx?tabid=3007\" target=\"_blank\">juoksukalenteri<\/a> <a href=\"http:\/\/www.kilpailukalenteri.fi\/\" target=\"_blank\">Kilpailukalenteri<\/a><\/p>\n<p><strong>Vanhat juoksukalenterit<\/strong>: <a title=\"Juoksukalenteri 2007\" href=\"http:\/\/www.rauhalahtiroadrunners.com\/?page_id=259\" target=\"_blank\">2007<\/a>, <a title=\"Juoksukalenteri 2008\" href=\"http:\/\/www.rauhalahtiroadrunners.com\/?page_id=244\" target=\"_blank\">2008<\/a>, <a title=\"Juoksukalenteri 2009\" href=\"http:\/\/www.rauhalahtiroadrunners.com\/?page_id=238\" target=\"_blank\">2009<\/a>, <a title=\"Juoksukalenteri 2010\" href=\"http:\/\/www.rauhalahtiroadrunners.com\/?page_id=235\" target=\"_blank\">2010<\/a>, <a title=\"Juoksukalenteri 2011\" href=\"http:\/\/www.rauhalahtiroadrunners.com\/?page_id=218\">2011<\/a>, <a title=\"Juoksukalenteri 2012\" href=\"http:\/\/www.rauhalahtiroadrunners.com\/?page_id=412\">2012<\/a>, <a title=\"Juoksukalenteri 2013\" href=\"http:\/\/www.rauhalahtiroadrunners.com\/?page_id=975\">2013<\/a>, <a title=\"Juoksukalenteri 2014\" href=\"http:\/\/www.rauhalahtiroadrunners.com\/?page_id=1349\">2014<\/a><br \/>\nVuoden <a href=\"http:\/\/www.rauhalahtiroadrunners.com\/?page_id=2438\">2016 juoksukalenteri<\/a><\/p>\n","protected":false},"excerpt":{"rendered":"<p>P\u00e4ivitetty 1.1.2016 Huom! ??? rivin alussa tarkoittaa, ett\u00e4 ajankohta ei ole viel\u00e4 tiedossa (ainakaan yll\u00e4pit\u00e4j\u00e4ll\u00e4). TAMMIKUU su 25.1.2015 klo 9:00 Kotirataultra (1-2 x 25 km), l\u00e4ht\u00f6 Kylpyl\u00e4hotelli Rauhalahdesta, katso reitti V\u00e4n\u00e4rin ja Saaristokaupungin kautta, ilmoita tuloksesi t\u00e4nne. su 25.1.2015 Gran Canaria Maraton, Las Palmas, tulokset ja pari kuvaa HELMIKUU la 21. &#8211; su 22.2.2015 klo &#8230; <a title=\"Juoksukalenteri 2015\" class=\"read-more\" href=\"https:\/\/www.rauhalahtiroadrunners.com\/?page_id=1848\" aria-label=\"Lue lis\u00e4\u00e4 aiheesta Juoksukalenteri 2015\">Lue lis\u00e4\u00e4<\/a><\/p>\n","protected":false},"author":3,"featured_media":0,"parent":267,"menu_order":0,"comment_status":"closed","ping_status":"open","template":"","meta":{"footnotes":""},"class_list":["post-1848","page","type-page","status-publish"],"_links":{"self":[{"href":"https:\/\/www.rauhalahtiroadrunners.com\/index.php?rest_route=\/wp\/v2\/pages\/1848","targetHints":{"allow":["GET"]}}],"collection":[{"href":"https:\/\/www.rauhalahtiroadrunners.com\/index.php?rest_route=\/wp\/v2\/pages"}],"about":[{"href":"https:\/\/www.rauhalahtiroadrunners.com\/index.php?rest_route=\/wp\/v2\/types\/page"}],"author":[{"embeddable":true,"href":"https:\/\/www.rauhalahtiroadrunners.com\/index.php?rest_route=\/wp\/v2\/users\/3"}],"replies":[{"embeddable":true,"href":"https:\/\/www.rauhalahtiroadrunners.com\/index.php?rest_route=%2Fwp%2Fv2%2Fcomments&post=1848"}],"version-history":[{"count":136,"href":"https:\/\/www.rauhalahtiroadrunners.com\/index.php?rest_route=\/wp\/v2\/pages\/1848\/revisions"}],"predecessor-version":[{"id":2469,"href":"https:\/\/www.rauhalahtiroadrunners.com\/index.php?rest_route=\/wp\/v2\/pages\/1848\/revisions\/2469"}],"up":[{"embeddable":true,"href":"https:\/\/www.rauhalahtiroadrunners.com\/index.php?rest_route=\/wp\/v2\/pages\/267"}],"wp:attachment":[{"href":"https:\/\/www.rauhalahtiroadrunners.com\/index.php?rest_route=%2Fwp%2Fv2%2Fmedia&parent=1848"}],"curies":[{"name":"wp","href":"https:\/\/api.w.org\/{rel}","templated":true}]}}