{"id":1742,"date":"2014-09-21T10:15:50","date_gmt":"2014-09-21T07:15:50","guid":{"rendered":"http:\/\/www.rauhalahtiroadrunners.com\/?page_id=1742"},"modified":"2014-09-21T10:15:50","modified_gmt":"2014-09-21T07:15:50","slug":"petosen-holkka-2014","status":"publish","type":"page","link":"https:\/\/www.rauhalahtiroadrunners.com\/?page_id=1742","title":{"rendered":"Petosen h\u00f6lkk\u00e4 2014"},"content":{"rendered":"<p><span style=\"font-size: 14pt;\"><strong>PETOSEN H\u00d6LKK\u00c4 14.9.2014<\/strong><\/span><\/p>\n<p><strong>Tulokset<br \/>\n<\/strong><br \/>\n<strong>Miehet yleinen (7,6 km)<br \/>\n<\/strong>1. Juuso J\u00e4nk\u00e4l\u00e4, 27,25 2. Harri Parkkonen, 27,25,5 3. Joona Rissanen, SiiHS, 27,35 4. Jussi Mynttinen, 31,44<\/p>\n<p><strong>Miehet 40 v . ( 7,6 km)<br \/>\n<\/strong> 1. Timo Kokkonen, Koidulan Veto, 28,04 2. Timo Kumlin, RRR, 31,56 3. Marko Lyytinen, 41,13<\/p>\n<p><strong>Miehet 50 v. (7,6 km)<br \/>\n<\/strong> 1. Kari Uhlb\u00e4ck, Kurkim\u00e4ki, 30,54 2. Unto Juutinen, RRR, 31,02 3. Hannu Kokki, Kerim\u00e4en Urheilijat, 33,11 4. Markku Laukkanen, Kuopion Reipas, 34,41<\/p>\n<p><strong>Miehet 60 v. (7,6 km)<br \/>\n<\/strong>1. Matti Lyytinen, 44,19<\/p>\n<p><strong>Naiset Yleinen.<\/strong><strong> (7,6 km)<br \/>\n<\/strong> 1. Anne-Marika Partanen, Kuopion Reipas, 29,30 2. Aiki Salum\u00e4e, Untamon Urheilu, 31,18 3. Emmi R\u00f6nkk\u00f6, 36,45 4. Maaria M\u00e4gi, Untamon Urheilu, 39,34<\/p>\n<p><strong>Naiset 40 v. (7,6 km)<br \/>\n<\/strong>1. Merja Kokki, 40,02<\/p>\n<p><strong>Naiset 50 v. (7,6 km)<br \/>\n<\/strong>1. Riitta Korhonen, Karttulan Urheilijat, 36,02<\/p>\n<p><strong>H\u00f6lkk\u00e4sarja yleinen (7,6 km)<br \/>\n<\/strong>1. Timo Lehtola, 29,24 2. Petri Juntunen, 31,12 3. Joonas Pikkarainen, 35,25 4. Tomi R\u00e4s\u00e4nen, Ipes Extreme, 36,54 5. Jens Salum\u00e4e, Untamon Urheilu, 39,33 6. Paula Yl\u00e4korhola, 43,49 7. Essi Saarela, 44,19 8. Henna Sonninen, 44,21 -. Hanna Matilainen, kesk.<\/p>\n<p><strong>Miehet 17 v. (7,6 km)<br \/>\n<\/strong> 1. Vili Holopainen, Kuopion Reipas, 26,56<\/p>\n<p><strong>Pojat 5 v. (0,5 km)<br \/>\n<\/strong> 1. Nuutti Makkonen, Kuopion Reipas, 3,32 2. Henri Salum\u00e4e, Untamon Urheilu, 3,42 3. Matias M\u00e4gi, Untamon Urheilu, 6,30<\/p>\n<p><strong>Tyt\u00f6t 5 v. (0,5 km)<br \/>\n<\/strong> 1. Neelia Myllymaa, Kuopion Reipas, 2,45 2. Elli T\u00f6rnqvist, 4,00<\/p>\n<p><strong>Pojat 7v. 0,5 km)<br \/>\n<\/strong> 1. Markus H\u00e4m\u00e4l\u00e4inen, 2,06 2. Jalo Makkonen, Kuopion Reipas, 2,11 3. Veikka Kumlin, 2,16 4. Ahti Yl\u00e4korhola, 2,21 5. Lauri Liikamaa, 2,28 6. Eelis Kontturi, 2,29 7. Olavi Ropponen, 2,30 8. Mikael Niskanen, 2,31 9. Jyri T\u00f6rnqvist, 2,42<\/p>\n<p><strong>Tyt\u00f6t 7 v. (0,5 km)<br \/>\n<\/strong>1. Jade Iljin, 2,59<\/p>\n<p><strong>Pojat 9 v. (1,2 km)<br \/>\n<\/strong> 1.Aaro Paananen, 5,55<\/p>\n<p><strong>Tyt\u00f6t 9 v. (1,2 km)<br \/>\n<\/strong>1. Viivi Pievil\u00e4inen, 6,16 2. Lumia Myllymaa, Kuopion Reipas, 6,41 3. Milla Pesonen, 6,48<\/p>\n<p><strong>Pojat 11 v. (1,2 km)<br \/>\n<\/strong> 1. Mika Parkkonen, KuPS, 5,05 2. Onni Yl\u00e4korhola, 5,52<\/p>\n<p><strong>Tyt\u00f6t 11 v. (1,2 km)<br \/>\n<\/strong> 1. Jenna-Juulia Kettunen, Kuopion Reipas, 4,57 2. Jenna Kosonen, 5,31<\/p>\n<p><strong>Pojat 13v (3.6 km)<br \/>\n<\/strong> 1. Eemil Haapalainen, SB Welhot, 20,05 2. Miika Lievonen, SB Welhot, 20,06<\/p>\n<p>&nbsp;<\/p>\n","protected":false},"excerpt":{"rendered":"<p>PETOSEN H\u00d6LKK\u00c4 14.9.2014 Tulokset Miehet yleinen (7,6 km) 1. Juuso J\u00e4nk\u00e4l\u00e4, 27,25 2. Harri Parkkonen, 27,25,5 3. Joona Rissanen, SiiHS, 27,35 4. Jussi Mynttinen, 31,44 Miehet 40 v . ( 7,6 km) 1. Timo Kokkonen, Koidulan Veto, 28,04 2. Timo Kumlin, RRR, 31,56 3. Marko Lyytinen, 41,13 Miehet 50 v. (7,6 km) 1. Kari Uhlb\u00e4ck, &#8230; <a title=\"Petosen h\u00f6lkk\u00e4 2014\" class=\"read-more\" href=\"https:\/\/www.rauhalahtiroadrunners.com\/?page_id=1742\" aria-label=\"Lue lis\u00e4\u00e4 aiheesta Petosen h\u00f6lkk\u00e4 2014\">Lue lis\u00e4\u00e4<\/a><\/p>\n","protected":false},"author":3,"featured_media":0,"parent":0,"menu_order":0,"comment_status":"closed","ping_status":"open","template":"","meta":{"footnotes":""},"class_list":["post-1742","page","type-page","status-publish"],"_links":{"self":[{"href":"https:\/\/www.rauhalahtiroadrunners.com\/index.php?rest_route=\/wp\/v2\/pages\/1742","targetHints":{"allow":["GET"]}}],"collection":[{"href":"https:\/\/www.rauhalahtiroadrunners.com\/index.php?rest_route=\/wp\/v2\/pages"}],"about":[{"href":"https:\/\/www.rauhalahtiroadrunners.com\/index.php?rest_route=\/wp\/v2\/types\/page"}],"author":[{"embeddable":true,"href":"https:\/\/www.rauhalahtiroadrunners.com\/index.php?rest_route=\/wp\/v2\/users\/3"}],"replies":[{"embeddable":true,"href":"https:\/\/www.rauhalahtiroadrunners.com\/index.php?rest_route=%2Fwp%2Fv2%2Fcomments&post=1742"}],"version-history":[{"count":1,"href":"https:\/\/www.rauhalahtiroadrunners.com\/index.php?rest_route=\/wp\/v2\/pages\/1742\/revisions"}],"predecessor-version":[{"id":1743,"href":"https:\/\/www.rauhalahtiroadrunners.com\/index.php?rest_route=\/wp\/v2\/pages\/1742\/revisions\/1743"}],"wp:attachment":[{"href":"https:\/\/www.rauhalahtiroadrunners.com\/index.php?rest_route=%2Fwp%2Fv2%2Fmedia&parent=1742"}],"curies":[{"name":"wp","href":"https:\/\/api.w.org\/{rel}","templated":true}]}}