{"id":1674,"date":"2014-08-18T13:29:36","date_gmt":"2014-08-18T10:29:36","guid":{"rendered":"http:\/\/www.rauhalahtiroadrunners.com\/?page_id=1674"},"modified":"2014-08-18T15:14:48","modified_gmt":"2014-08-18T12:14:48","slug":"hcm-16-8-2014","status":"publish","type":"page","link":"https:\/\/www.rauhalahtiroadrunners.com\/?page_id=1674","title":{"rendered":"HCM 16.8.2014"},"content":{"rendered":"<p>Helsinki City Marathon juostiin lauantaina 16.8.2014. Mukana juoksemassa oli 5 RRR:n edustajaa.<\/p>\n<p>T\u00e4ss\u00e4 tuloksia:<\/p>\n<p><a href=\"http:\/\/www.rauhalahtiroadrunners.com\/wordpress_rrr\/wp-content\/uploads\/2014\/08\/HCM_tul2.png\"><img loading=\"lazy\" decoding=\"async\" class=\"alignleft size-full wp-image-1678\" alt=\"HCM_tul2\" src=\"http:\/\/www.rauhalahtiroadrunners.com\/wordpress_rrr\/wp-content\/uploads\/2014\/08\/HCM_tul2.png\" width=\"660\" height=\"134\" srcset=\"https:\/\/www.rauhalahtiroadrunners.com\/wordpress_rrr\/wp-content\/uploads\/2014\/08\/HCM_tul2.png 660w, https:\/\/www.rauhalahtiroadrunners.com\/wordpress_rrr\/wp-content\/uploads\/2014\/08\/HCM_tul2-300x60.png 300w\" sizes=\"auto, (max-width: 660px) 100vw, 660px\" \/><\/a><\/p>\n<p>&nbsp;<\/p>\n<p><a href=\"http:\/\/www.rauhalahtiroadrunners.com\/wordpress_rrr\/wp-content\/uploads\/2014\/08\/HCM_tul1.png\"><img loading=\"lazy\" decoding=\"async\" class=\"alignleft size-full wp-image-1677\" alt=\"HCM_tul1\" src=\"http:\/\/www.rauhalahtiroadrunners.com\/wordpress_rrr\/wp-content\/uploads\/2014\/08\/HCM_tul1.png\" width=\"652\" height=\"91\" srcset=\"https:\/\/www.rauhalahtiroadrunners.com\/wordpress_rrr\/wp-content\/uploads\/2014\/08\/HCM_tul1.png 652w, https:\/\/www.rauhalahtiroadrunners.com\/wordpress_rrr\/wp-content\/uploads\/2014\/08\/HCM_tul1-300x41.png 300w\" sizes=\"auto, (max-width: 652px) 100vw, 652px\" \/><\/a><\/p>\n<p>&nbsp;<\/p>\n<p>&nbsp;<\/p>\n<p>&nbsp;<\/p>\n<p>&nbsp;<\/p>\n<p>&nbsp;<\/p>\n<p>&nbsp;<\/p>\n<p>&nbsp;<\/p>\n<p>Ja t\u00e4ss\u00e4 kuvia (52 kpl, klikkaa kuvaa alla):<\/p>\n<table style=\"width: 194px;\">\n<tbody>\n<tr>\n<td style=\"height: 194px; background: url('https:\/\/www.gstatic.com\/pwa\/s\/v\/lighthousefe_20140730.00_p0\/transparent_album_background.gif') no-repeat left;\" align=\"center\"><a href=\"https:\/\/picasaweb.google.com\/110862520886183653495\/HCM2014?authuser=0&amp;authkey=Gv1sRgCJOfpe71wpPRAw&amp;feat=embedwebsite\"><img loading=\"lazy\" decoding=\"async\" style=\"margin: 1px 0 0 4px;\" alt=\"\" src=\"https:\/\/lh3.googleusercontent.com\/-Jr3H_EuSEYU\/U_HHzmZY7YE\/AAAAAAAALd8\/uakvbRnDoxI\/s160-c\/HCM2014.jpg\" width=\"160\" height=\"160\" \/><\/a><\/td>\n<\/tr>\n<tr>\n<td style=\"text-align: center; font-family: arial,sans-serif; font-size: 11px;\"><a style=\"color: #4d4d4d; font-weight: bold; text-decoration: none;\" href=\"https:\/\/picasaweb.google.com\/110862520886183653495\/HCM2014?authuser=0&amp;authkey=Gv1sRgCJOfpe71wpPRAw&amp;feat=embedwebsite\">HCM 2014<\/a><\/td>\n<\/tr>\n<\/tbody>\n<\/table>\n","protected":false},"excerpt":{"rendered":"<p>Helsinki City Marathon juostiin lauantaina 16.8.2014. Mukana juoksemassa oli 5 RRR:n edustajaa. T\u00e4ss\u00e4 tuloksia: &nbsp; &nbsp; &nbsp; &nbsp; &nbsp; &nbsp; &nbsp; &nbsp; Ja t\u00e4ss\u00e4 kuvia (52 kpl, klikkaa kuvaa alla): HCM 2014<\/p>\n","protected":false},"author":3,"featured_media":0,"parent":0,"menu_order":0,"comment_status":"closed","ping_status":"open","template":"","meta":{"footnotes":""},"class_list":["post-1674","page","type-page","status-publish"],"_links":{"self":[{"href":"https:\/\/www.rauhalahtiroadrunners.com\/index.php?rest_route=\/wp\/v2\/pages\/1674","targetHints":{"allow":["GET"]}}],"collection":[{"href":"https:\/\/www.rauhalahtiroadrunners.com\/index.php?rest_route=\/wp\/v2\/pages"}],"about":[{"href":"https:\/\/www.rauhalahtiroadrunners.com\/index.php?rest_route=\/wp\/v2\/types\/page"}],"author":[{"embeddable":true,"href":"https:\/\/www.rauhalahtiroadrunners.com\/index.php?rest_route=\/wp\/v2\/users\/3"}],"replies":[{"embeddable":true,"href":"https:\/\/www.rauhalahtiroadrunners.com\/index.php?rest_route=%2Fwp%2Fv2%2Fcomments&post=1674"}],"version-history":[{"count":7,"href":"https:\/\/www.rauhalahtiroadrunners.com\/index.php?rest_route=\/wp\/v2\/pages\/1674\/revisions"}],"predecessor-version":[{"id":1676,"href":"https:\/\/www.rauhalahtiroadrunners.com\/index.php?rest_route=\/wp\/v2\/pages\/1674\/revisions\/1676"}],"wp:attachment":[{"href":"https:\/\/www.rauhalahtiroadrunners.com\/index.php?rest_route=%2Fwp%2Fv2%2Fmedia&parent=1674"}],"curies":[{"name":"wp","href":"https:\/\/api.w.org\/{rel}","templated":true}]}}