{"id":1543,"date":"2014-06-02T21:36:15","date_gmt":"2014-06-02T19:36:15","guid":{"rendered":"http:\/\/www.rauhalahtiroadrunners.com\/?page_id=1543"},"modified":"2014-06-02T21:43:11","modified_gmt":"2014-06-02T19:43:11","slug":"tukholman-maraton-2014","status":"publish","type":"page","link":"https:\/\/www.rauhalahtiroadrunners.com\/?page_id=1543","title":{"rendered":"Tukholman maraton 2014"},"content":{"rendered":"<p>Tukholman maraton juostiin la 31.5.2014. Mukana oli yli 20.000 juoksijaa, joista reilut 16.000 p\u00e4\u00e4si maaliin. Juoksijat edustivat 93 kansallisuutta.<\/p>\n<p>RRR-l\u00e4isia oli mukana juoksemassa 6 henke\u00e4: P\u00e4ivi R\u00f6nkk\u00f6, Mirkka Koponen, Veijo Tolonen, Mik\u00e4 Pitk\u00e4nen, Pekka V\u00e4is\u00e4nen ja Markku Rantama.<br \/>\nJuoksukeli oli l\u00e4hes optimaalinen: l\u00e4mp\u00f6tila vaihteli 15 asteen molemmin puolin riippuen pilvisyydest\u00e4. V\u00e4lill\u00e4 aurinko oli pilvess\u00e4 ja v\u00e4lill\u00e4 se porotti l\u00e4mpim\u00e4sti. L\u00e4ht\u00f6karsinassa ollessa\u00a0tuli pari kastelevaa sadekuuroa, mutta juoksun aikana ei en\u00e4\u00e4 kunnolla satanut, vain kevytt\u00e4 tihkua tuli paikoitellen.<\/p>\n<p>T\u00e4ss\u00e4 <a href=\"http:\/\/www.rauhalahtiroadrunners.com\/2014_Tukholma_tuloksia.pdf\">suomalaistuloksia<\/a>.<\/p>\n<p><a href=\"http:\/\/www.rauhalahtiroadrunners.com\/wordpress_rrr\/wp-content\/uploads\/2014\/06\/P1110228.jpg\"><img loading=\"lazy\" decoding=\"async\" class=\"alignnone size-large wp-image-1545\" alt=\"P1110228\" src=\"http:\/\/www.rauhalahtiroadrunners.com\/wordpress_rrr\/wp-content\/uploads\/2014\/06\/P1110228-1024x682.jpg\" width=\"695\" height=\"462\" srcset=\"https:\/\/www.rauhalahtiroadrunners.com\/wordpress_rrr\/wp-content\/uploads\/2014\/06\/P1110228-1024x682.jpg 1024w, https:\/\/www.rauhalahtiroadrunners.com\/wordpress_rrr\/wp-content\/uploads\/2014\/06\/P1110228-300x200.jpg 300w\" sizes=\"auto, (max-width: 695px) 100vw, 695px\" \/><\/a> <a href=\"http:\/\/www.rauhalahtiroadrunners.com\/wordpress_rrr\/wp-content\/uploads\/2014\/06\/P1110229.jpg\"><img loading=\"lazy\" decoding=\"async\" class=\"alignnone size-large wp-image-1546\" alt=\"P1110229\" src=\"http:\/\/www.rauhalahtiroadrunners.com\/wordpress_rrr\/wp-content\/uploads\/2014\/06\/P1110229-1024x682.jpg\" width=\"695\" height=\"462\" srcset=\"https:\/\/www.rauhalahtiroadrunners.com\/wordpress_rrr\/wp-content\/uploads\/2014\/06\/P1110229-1024x682.jpg 1024w, https:\/\/www.rauhalahtiroadrunners.com\/wordpress_rrr\/wp-content\/uploads\/2014\/06\/P1110229-300x200.jpg 300w\" sizes=\"auto, (max-width: 695px) 100vw, 695px\" \/><\/a> <a href=\"http:\/\/www.rauhalahtiroadrunners.com\/wordpress_rrr\/wp-content\/uploads\/2014\/06\/P1110231.jpg\"><img loading=\"lazy\" decoding=\"async\" class=\"alignnone size-large wp-image-1548\" alt=\"P1110231\" src=\"http:\/\/www.rauhalahtiroadrunners.com\/wordpress_rrr\/wp-content\/uploads\/2014\/06\/P1110231-1024x682.jpg\" width=\"695\" height=\"462\" srcset=\"https:\/\/www.rauhalahtiroadrunners.com\/wordpress_rrr\/wp-content\/uploads\/2014\/06\/P1110231-1024x682.jpg 1024w, https:\/\/www.rauhalahtiroadrunners.com\/wordpress_rrr\/wp-content\/uploads\/2014\/06\/P1110231-300x200.jpg 300w\" sizes=\"auto, (max-width: 695px) 100vw, 695px\" \/><\/a> <a href=\"http:\/\/www.rauhalahtiroadrunners.com\/wordpress_rrr\/wp-content\/uploads\/2014\/06\/P1110234.jpg\"><img loading=\"lazy\" decoding=\"async\" class=\"alignnone size-large wp-image-1549\" alt=\"P1110234\" src=\"http:\/\/www.rauhalahtiroadrunners.com\/wordpress_rrr\/wp-content\/uploads\/2014\/06\/P1110234-e1401737345798-682x1024.jpg\" width=\"682\" height=\"1024\" srcset=\"https:\/\/www.rauhalahtiroadrunners.com\/wordpress_rrr\/wp-content\/uploads\/2014\/06\/P1110234-e1401737345798-682x1024.jpg 682w, https:\/\/www.rauhalahtiroadrunners.com\/wordpress_rrr\/wp-content\/uploads\/2014\/06\/P1110234-e1401737345798-200x300.jpg 200w\" sizes=\"auto, (max-width: 682px) 100vw, 682px\" \/><\/a><\/p>\n<figure id=\"attachment_1550\" aria-describedby=\"caption-attachment-1550\" style=\"width: 685px\" class=\"wp-caption alignnone\"><a href=\"http:\/\/www.rauhalahtiroadrunners.com\/wordpress_rrr\/wp-content\/uploads\/2014\/06\/P1110237.jpg\"><img loading=\"lazy\" decoding=\"async\" class=\"size-large wp-image-1550\" alt=\"RRR-laisia ennen starttia\" src=\"http:\/\/www.rauhalahtiroadrunners.com\/wordpress_rrr\/wp-content\/uploads\/2014\/06\/P1110237-1024x682.jpg\" width=\"695\" height=\"462\" srcset=\"https:\/\/www.rauhalahtiroadrunners.com\/wordpress_rrr\/wp-content\/uploads\/2014\/06\/P1110237-1024x682.jpg 1024w, https:\/\/www.rauhalahtiroadrunners.com\/wordpress_rrr\/wp-content\/uploads\/2014\/06\/P1110237-300x200.jpg 300w\" sizes=\"auto, (max-width: 695px) 100vw, 695px\" \/><\/a><figcaption id=\"caption-attachment-1550\" class=\"wp-caption-text\">RRR-laisia ennen starttia<\/figcaption><\/figure>\n<p><a href=\"http:\/\/www.rauhalahtiroadrunners.com\/wordpress_rrr\/wp-content\/uploads\/2014\/06\/P1110239.jpg\"><img loading=\"lazy\" decoding=\"async\" class=\"alignnone size-large wp-image-1551\" alt=\"P1110239\" src=\"http:\/\/www.rauhalahtiroadrunners.com\/wordpress_rrr\/wp-content\/uploads\/2014\/06\/P1110239-1024x682.jpg\" width=\"695\" height=\"462\" srcset=\"https:\/\/www.rauhalahtiroadrunners.com\/wordpress_rrr\/wp-content\/uploads\/2014\/06\/P1110239-1024x682.jpg 1024w, https:\/\/www.rauhalahtiroadrunners.com\/wordpress_rrr\/wp-content\/uploads\/2014\/06\/P1110239-300x200.jpg 300w\" sizes=\"auto, (max-width: 695px) 100vw, 695px\" \/><\/a> <a href=\"http:\/\/www.rauhalahtiroadrunners.com\/wordpress_rrr\/wp-content\/uploads\/2014\/06\/P1110240.jpg\"><img loading=\"lazy\" decoding=\"async\" class=\"alignnone size-large wp-image-1552\" alt=\"P1110240\" src=\"http:\/\/www.rauhalahtiroadrunners.com\/wordpress_rrr\/wp-content\/uploads\/2014\/06\/P1110240-1024x682.jpg\" width=\"695\" height=\"462\" srcset=\"https:\/\/www.rauhalahtiroadrunners.com\/wordpress_rrr\/wp-content\/uploads\/2014\/06\/P1110240-1024x682.jpg 1024w, https:\/\/www.rauhalahtiroadrunners.com\/wordpress_rrr\/wp-content\/uploads\/2014\/06\/P1110240-300x200.jpg 300w\" sizes=\"auto, (max-width: 695px) 100vw, 695px\" \/><\/a> <a href=\"http:\/\/www.rauhalahtiroadrunners.com\/wordpress_rrr\/wp-content\/uploads\/2014\/06\/P1110241.jpg\"><img loading=\"lazy\" decoding=\"async\" class=\"alignnone size-large wp-image-1553\" alt=\"P1110241\" src=\"http:\/\/www.rauhalahtiroadrunners.com\/wordpress_rrr\/wp-content\/uploads\/2014\/06\/P1110241-1024x682.jpg\" width=\"695\" height=\"462\" srcset=\"https:\/\/www.rauhalahtiroadrunners.com\/wordpress_rrr\/wp-content\/uploads\/2014\/06\/P1110241-1024x682.jpg 1024w, https:\/\/www.rauhalahtiroadrunners.com\/wordpress_rrr\/wp-content\/uploads\/2014\/06\/P1110241-300x200.jpg 300w\" sizes=\"auto, (max-width: 695px) 100vw, 695px\" \/><\/a> <a href=\"http:\/\/www.rauhalahtiroadrunners.com\/wordpress_rrr\/wp-content\/uploads\/2014\/06\/P1110242.jpg\"><img loading=\"lazy\" decoding=\"async\" class=\"alignnone size-large wp-image-1554\" alt=\"P1110242\" src=\"http:\/\/www.rauhalahtiroadrunners.com\/wordpress_rrr\/wp-content\/uploads\/2014\/06\/P1110242-1024x682.jpg\" width=\"695\" height=\"462\" srcset=\"https:\/\/www.rauhalahtiroadrunners.com\/wordpress_rrr\/wp-content\/uploads\/2014\/06\/P1110242-1024x682.jpg 1024w, https:\/\/www.rauhalahtiroadrunners.com\/wordpress_rrr\/wp-content\/uploads\/2014\/06\/P1110242-300x200.jpg 300w\" sizes=\"auto, (max-width: 695px) 100vw, 695px\" \/><\/a> <a href=\"http:\/\/www.rauhalahtiroadrunners.com\/wordpress_rrr\/wp-content\/uploads\/2014\/06\/P1110243.jpg\"><img loading=\"lazy\" decoding=\"async\" class=\"alignnone size-large wp-image-1555\" alt=\"P1110243\" src=\"http:\/\/www.rauhalahtiroadrunners.com\/wordpress_rrr\/wp-content\/uploads\/2014\/06\/P1110243-1024x682.jpg\" width=\"695\" height=\"462\" srcset=\"https:\/\/www.rauhalahtiroadrunners.com\/wordpress_rrr\/wp-content\/uploads\/2014\/06\/P1110243-1024x682.jpg 1024w, https:\/\/www.rauhalahtiroadrunners.com\/wordpress_rrr\/wp-content\/uploads\/2014\/06\/P1110243-300x200.jpg 300w\" sizes=\"auto, (max-width: 695px) 100vw, 695px\" \/><\/a> <a href=\"http:\/\/www.rauhalahtiroadrunners.com\/wordpress_rrr\/wp-content\/uploads\/2014\/06\/P1110244.jpg\"><img loading=\"lazy\" decoding=\"async\" class=\"alignnone size-large wp-image-1556\" alt=\"P1110244\" src=\"http:\/\/www.rauhalahtiroadrunners.com\/wordpress_rrr\/wp-content\/uploads\/2014\/06\/P1110244-1024x682.jpg\" width=\"695\" height=\"462\" srcset=\"https:\/\/www.rauhalahtiroadrunners.com\/wordpress_rrr\/wp-content\/uploads\/2014\/06\/P1110244-1024x682.jpg 1024w, https:\/\/www.rauhalahtiroadrunners.com\/wordpress_rrr\/wp-content\/uploads\/2014\/06\/P1110244-300x200.jpg 300w\" sizes=\"auto, (max-width: 695px) 100vw, 695px\" \/><\/a><\/p>\n","protected":false},"excerpt":{"rendered":"<p>Tukholman maraton juostiin la 31.5.2014. Mukana oli yli 20.000 juoksijaa, joista reilut 16.000 p\u00e4\u00e4si maaliin. Juoksijat edustivat 93 kansallisuutta. RRR-l\u00e4isia oli mukana juoksemassa 6 henke\u00e4: P\u00e4ivi R\u00f6nkk\u00f6, Mirkka Koponen, Veijo Tolonen, Mik\u00e4 Pitk\u00e4nen, Pekka V\u00e4is\u00e4nen ja Markku Rantama. Juoksukeli oli l\u00e4hes optimaalinen: l\u00e4mp\u00f6tila vaihteli 15 asteen molemmin puolin riippuen pilvisyydest\u00e4. V\u00e4lill\u00e4 aurinko oli pilvess\u00e4 ja &#8230; <a title=\"Tukholman maraton 2014\" class=\"read-more\" href=\"https:\/\/www.rauhalahtiroadrunners.com\/?page_id=1543\" aria-label=\"Lue lis\u00e4\u00e4 aiheesta Tukholman maraton 2014\">Lue lis\u00e4\u00e4<\/a><\/p>\n","protected":false},"author":3,"featured_media":0,"parent":0,"menu_order":0,"comment_status":"closed","ping_status":"open","template":"","meta":{"footnotes":""},"class_list":["post-1543","page","type-page","status-publish"],"_links":{"self":[{"href":"https:\/\/www.rauhalahtiroadrunners.com\/index.php?rest_route=\/wp\/v2\/pages\/1543","targetHints":{"allow":["GET"]}}],"collection":[{"href":"https:\/\/www.rauhalahtiroadrunners.com\/index.php?rest_route=\/wp\/v2\/pages"}],"about":[{"href":"https:\/\/www.rauhalahtiroadrunners.com\/index.php?rest_route=\/wp\/v2\/types\/page"}],"author":[{"embeddable":true,"href":"https:\/\/www.rauhalahtiroadrunners.com\/index.php?rest_route=\/wp\/v2\/users\/3"}],"replies":[{"embeddable":true,"href":"https:\/\/www.rauhalahtiroadrunners.com\/index.php?rest_route=%2Fwp%2Fv2%2Fcomments&post=1543"}],"version-history":[{"count":2,"href":"https:\/\/www.rauhalahtiroadrunners.com\/index.php?rest_route=\/wp\/v2\/pages\/1543\/revisions"}],"predecessor-version":[{"id":1558,"href":"https:\/\/www.rauhalahtiroadrunners.com\/index.php?rest_route=\/wp\/v2\/pages\/1543\/revisions\/1558"}],"wp:attachment":[{"href":"https:\/\/www.rauhalahtiroadrunners.com\/index.php?rest_route=%2Fwp%2Fv2%2Fmedia&parent=1543"}],"curies":[{"name":"wp","href":"https:\/\/api.w.org\/{rel}","templated":true}]}}