{"id":1487,"date":"2014-04-29T21:53:32","date_gmt":"2014-04-29T19:53:32","guid":{"rendered":"http:\/\/www.rauhalahtiroadrunners.com\/?page_id=1487"},"modified":"2014-04-30T13:08:42","modified_gmt":"2014-04-30T11:08:42","slug":"bostonin-maraton-2014","status":"publish","type":"page","link":"https:\/\/www.rauhalahtiroadrunners.com\/?page_id=1487","title":{"rendered":"Bostonin maraton 2014"},"content":{"rendered":"<p><a href=\"http:\/\/www.baa.org\" target=\"_blank\">Bostonin maraton <\/a>juostiin 21.4.2014 jo 118. kerran. Erityist\u00e4 kiinnostavuutta kisaa kohtaan\u00a0lis\u00e4si viel\u00e4 vuosi sitten sattunut pommi-isku, mink\u00e4 seurauksena turvatoimia t\u00e4lle vuodelle lis\u00e4ttiin tuntuvasti. Lis\u00e4ksi n. 6.000 juoksijaa, jotka viime vuonna joutuivat keskeytt\u00e4m\u00e4\u00e4n matkanteon, saivat oikeuden juosta uudelleen, tosin maksut uudelleen maksamalla.\u00a0T\u00e4m\u00e4n takia sis\u00e4\u00e4n otettiin n. 36.000 juoksijaa, mik\u00e4 on 9.000\u00a0enemm\u00e4n kuin normaalisti.<\/p>\n<p>Lopulta l\u00e4ht\u00f6viivalle tuli kuitenkin vain 32.456 juoksijaa, joista 31.931 taivalsi maaliin asti eli 98% l\u00e4htij\u00f6ist\u00e4 selvisi maaliin. He edustivat 80 kansakuntaa.<\/p>\n<p>Maratonp\u00e4iv\u00e4n\u00e4 (maanantai, 2. p\u00e4\u00e4si\u00e4isp\u00e4iv\u00e4 21.4.2014) keli oli aurinkoinen. Aamulla klo 6 l\u00e4mp\u00f6tila oli n. +2 astetta, mutta l\u00e4hd\u00f6n hetkill\u00e4 klo 10-11.25 se oli jo kohonnut yli 10 asteen. Aurinko paistoi koko matkan ajan oikealta takaviistosta ja poltti suojaamattomat ihon osat. Loppumatkasta l\u00e4mp\u00f6tila oli varmasti yli +20 astetta ainakin auringonpaisteessa, vaikka viralliset varjolukemat olivatkin hieman pienemm\u00e4t. Pieni tuulenvire k\u00e4vi takaap\u00e4in, mik\u00e4 loi otolliset olosuhteet hyville ajoille, kun ottaa viel\u00e4 huomioon reitin profiilin alam\u00e4kivoittoisuuden.<\/p>\n<p>Juoksutapahtuma koostui useasta erillisest\u00e4 tapahtumasta:<br \/>\n&#8211; numeroiden haku ja expo Hynes Convention Centeriss\u00e4<br \/>\n&#8211; pasta party (pre-race dinner) City Hall Plazassa<br \/>\n&#8211; itse juoksu Hopkintonista Bostonin keskustaan, kyyditys juoksijoille keskustasta Hopkintoniin<br \/>\n&#8211; post-race party Fenway Parkissa ja\u00a0House of Bluesissa (t\u00e4\u00e4ll\u00e4 ei tullut t\u00e4ll\u00e4 kertaa k\u00e4yty\u00e4)<\/p>\n<p>Alla oleva kuvasarja kuvaa noita kolmea ensimm\u00e4ist\u00e4 tapahtumaa. Lis\u00e4n\u00e4 on muutamia turismiluonteisia kuvia, jotka eiv\u00e4t liity itse juoksutapahtumaan.<\/p>\n<p>&nbsp;<\/p>\n<p>Matkakuvia (216 kpl), klikkaa alla olevaa kuvaa:<\/p>\n<table style=\"width: 194px;\">\n<tbody>\n<tr>\n<td style=\"height: 194px; background: url('https:\/\/www.gstatic.com\/pwa\/s\/v\/lighthousefe_241.01\/transparent_album_background.gif') no-repeat left;\" align=\"center\"><a href=\"https:\/\/picasaweb.google.com\/110862520886183653495\/BostoninMaraton2014?authuser=0&amp;authkey=Gv1sRgCL6U9Zylx-GtcA&amp;feat=embedwebsite\"><img loading=\"lazy\" decoding=\"async\" style=\"margin: 1px 0 0 4px;\" alt=\"\" src=\"https:\/\/lh4.googleusercontent.com\/-J68gWvao5F0\/U1_sMN695aE\/AAAAAAAAJrM\/P-G7Mfkk5B0\/s160-c\/BostoninMaraton2014.jpg\" width=\"160\" height=\"160\" \/><\/a><\/td>\n<\/tr>\n<tr>\n<td style=\"text-align: center; font-family: arial,sans-serif; font-size: 11px;\"><a style=\"color: #4d4d4d; font-weight: bold; text-decoration: none;\" href=\"https:\/\/picasaweb.google.com\/110862520886183653495\/BostoninMaraton2014?authuser=0&amp;authkey=Gv1sRgCL6U9Zylx-GtcA&amp;feat=embedwebsite\">Bostonin maraton 2014<\/a><\/td>\n<\/tr>\n<\/tbody>\n<\/table>\n","protected":false},"excerpt":{"rendered":"<p>Bostonin maraton juostiin 21.4.2014 jo 118. kerran. Erityist\u00e4 kiinnostavuutta kisaa kohtaan\u00a0lis\u00e4si viel\u00e4 vuosi sitten sattunut pommi-isku, mink\u00e4 seurauksena turvatoimia t\u00e4lle vuodelle lis\u00e4ttiin tuntuvasti. Lis\u00e4ksi n. 6.000 juoksijaa, jotka viime vuonna joutuivat keskeytt\u00e4m\u00e4\u00e4n matkanteon, saivat oikeuden juosta uudelleen, tosin maksut uudelleen maksamalla.\u00a0T\u00e4m\u00e4n takia sis\u00e4\u00e4n otettiin n. 36.000 juoksijaa, mik\u00e4 on 9.000\u00a0enemm\u00e4n kuin normaalisti. Lopulta l\u00e4ht\u00f6viivalle tuli &#8230; <a title=\"Bostonin maraton 2014\" class=\"read-more\" href=\"https:\/\/www.rauhalahtiroadrunners.com\/?page_id=1487\" aria-label=\"Lue lis\u00e4\u00e4 aiheesta Bostonin maraton 2014\">Lue lis\u00e4\u00e4<\/a><\/p>\n","protected":false},"author":3,"featured_media":0,"parent":0,"menu_order":0,"comment_status":"closed","ping_status":"open","template":"","meta":{"footnotes":""},"class_list":["post-1487","page","type-page","status-publish"],"_links":{"self":[{"href":"https:\/\/www.rauhalahtiroadrunners.com\/index.php?rest_route=\/wp\/v2\/pages\/1487","targetHints":{"allow":["GET"]}}],"collection":[{"href":"https:\/\/www.rauhalahtiroadrunners.com\/index.php?rest_route=\/wp\/v2\/pages"}],"about":[{"href":"https:\/\/www.rauhalahtiroadrunners.com\/index.php?rest_route=\/wp\/v2\/types\/page"}],"author":[{"embeddable":true,"href":"https:\/\/www.rauhalahtiroadrunners.com\/index.php?rest_route=\/wp\/v2\/users\/3"}],"replies":[{"embeddable":true,"href":"https:\/\/www.rauhalahtiroadrunners.com\/index.php?rest_route=%2Fwp%2Fv2%2Fcomments&post=1487"}],"version-history":[{"count":9,"href":"https:\/\/www.rauhalahtiroadrunners.com\/index.php?rest_route=\/wp\/v2\/pages\/1487\/revisions"}],"predecessor-version":[{"id":1498,"href":"https:\/\/www.rauhalahtiroadrunners.com\/index.php?rest_route=\/wp\/v2\/pages\/1487\/revisions\/1498"}],"wp:attachment":[{"href":"https:\/\/www.rauhalahtiroadrunners.com\/index.php?rest_route=%2Fwp%2Fv2%2Fmedia&parent=1487"}],"curies":[{"name":"wp","href":"https:\/\/api.w.org\/{rel}","templated":true}]}}