{"id":1434,"date":"2014-02-18T14:40:51","date_gmt":"2014-02-18T12:40:51","guid":{"rendered":"http:\/\/www.rauhalahtiroadrunners.com\/?page_id=1434"},"modified":"2015-01-07T23:34:31","modified_gmt":"2015-01-07T21:34:31","slug":"valokuvat-2014","status":"publish","type":"page","link":"https:\/\/www.rauhalahtiroadrunners.com\/?page_id=1434","title":{"rendered":"Valokuvat 2014"},"content":{"rendered":"<p>26.1.2014 <a href=\"https:\/\/picasaweb.google.com\/110862520886183653495\/KotirataultraKuopiossa2612014?authuser=0&amp;authkey=Gv1sRgCMDBv-7Amojr6wE&amp;feat=directlink\">Kotirataultra<\/a><br \/>\n26.1.2014 <a href=\"https:\/\/picasaweb.google.com\/110862520886183653495\/GranCanariaMaraton2612014?authuser=0&amp;authkey=Gv1sRgCPyKtf_TiOWeJQ&amp;feat=directlink\">Gran Canaria Marat\u00f3n<\/a><\/p>\n<p>05.04.2014 <a title=\"KKK 2014\" href=\"http:\/\/www.rauhalahtiroadrunners.com\/?p=1470\">Kolmen Kylpyl\u00e4n Kirmaisu<\/a><br \/>\n11.-13.4.2014 <a title=\"Tanhuvaara 2014\" href=\"http:\/\/www.rauhalahtiroadrunners.com\/?p=1472\">Tanhuvaaran kev\u00e4tjuoksuleiri<\/a><br \/>\n21.4.2014 <a title=\"Bostonin maraton 2014\" href=\"http:\/\/www.rauhalahtiroadrunners.com\/?page_id=1487\">Bostonin maraton<\/a><br \/>\n26.4.2014 <a title=\"Kallavesj -h\u00f6lk\u00e4n kuvia\" href=\"http:\/\/www.rauhalahtiroadrunners.com\/?p=1484\">Kallavesj-h\u00f6lkk\u00e4<\/a><\/p>\n<p>17.5.2014 <a href=\"http:\/\/www.rauhalahtiroadrunners.com\/k6h\/?page_id=96\">Kuopio 6 h Run<\/a><br \/>\n31.5.2014 <a title=\"Tukholman maraton 2014\" href=\"http:\/\/www.rauhalahtiroadrunners.com\/?page_id=1543\">Tukholman maraton<\/a><\/p>\n<p>4.7.2014 <a title=\"Y\u00f6maratonin kuvasatoa 2014\" href=\"http:\/\/www.rauhalahtiroadrunners.com\/?p=1642\">Varpaisj\u00e4rven y\u00f6maraton<\/a><\/p>\n<p>16.8.2014 <a title=\"HCM 16.8.2014\" href=\"http:\/\/www.rauhalahtiroadrunners.com\/?page_id=1674\">Helsinki City Marathon<\/a><\/p>\n<p>6.9.2014 <a href=\"http:\/\/www.rauhalahtiroadrunners.com\/?p=1706\">Kuopio maraton<\/a><br \/>\n13.9.2014 <a href=\"http:\/\/www.rauhalahtiroadrunners.com\/?p=1727\">Medocin maraton<\/a><br \/>\n14.9.2014 <a href=\"http:\/\/www.rauhalahtiroadrunners.com\/?p=1719\">Tallinnan maraton<\/a><\/p>\n<p>4.10.2014 <a href=\"http:\/\/www.rauhalahtiroadrunners.com\/?p=1761\">Maakuntaviestijuoksu<\/a><br \/>\n18.10.2014 <a href=\"https:\/\/plus.google.com\/u\/0\/photos\/117302229548221592080\/albums\/6071879698310083393\">Kankaanp\u00e4\u00e4n maraton ja SAULin SM-maraton<\/a><br \/>\n19.10.2014 <a href=\"http:\/\/www.rauhalahtiroadrunners.com\/?p=1809\">Amsterdamin maraton<\/a><br \/>\n26.10.2014 <a href=\"http:\/\/www.rauhalahtiroadrunners.com\/?p=1801\">RRR:n polkujuoksu<\/a><\/p>\n<p>15.11.2014 <a href=\"http:\/\/www.rauhalahtiroadrunners.com\/?p=1822\">Joensuu Night Run<\/a><\/p>\n<p>6.12.2014 <a href=\"http:\/\/www.rauhalahtiroadrunners.com\/?p=1910\">Itsen\u00e4isyysmaraton<\/a><br \/>\n13.12.2014 <a title=\"Pikkujoulujuhla 2014\" href=\"http:\/\/www.rauhalahtiroadrunners.com\/?p=1972\">RRR:n pikkujoulu<\/a><br \/>\n31.12.2014 <a title=\"Maaningan uv-juoksu 2014\" href=\"http:\/\/www.rauhalahtiroadrunners.com\/?p=1981\">Maaningan Uuden Vuoden juoksu<\/a><\/p>\n<p>&nbsp;<\/p>\n<p>&nbsp;<\/p>\n","protected":false},"excerpt":{"rendered":"<p>26.1.2014 Kotirataultra 26.1.2014 Gran Canaria Marat\u00f3n 05.04.2014 Kolmen Kylpyl\u00e4n Kirmaisu 11.-13.4.2014 Tanhuvaaran kev\u00e4tjuoksuleiri 21.4.2014 Bostonin maraton 26.4.2014 Kallavesj-h\u00f6lkk\u00e4 17.5.2014 Kuopio 6 h Run 31.5.2014 Tukholman maraton 4.7.2014 Varpaisj\u00e4rven y\u00f6maraton 16.8.2014 Helsinki City Marathon 6.9.2014 Kuopio maraton 13.9.2014 Medocin maraton 14.9.2014 Tallinnan maraton 4.10.2014 Maakuntaviestijuoksu 18.10.2014 Kankaanp\u00e4\u00e4n maraton ja SAULin SM-maraton 19.10.2014 Amsterdamin maraton 26.10.2014 RRR:n &#8230; <a title=\"Valokuvat 2014\" class=\"read-more\" href=\"https:\/\/www.rauhalahtiroadrunners.com\/?page_id=1434\" aria-label=\"Lue lis\u00e4\u00e4 aiheesta Valokuvat 2014\">Lue lis\u00e4\u00e4<\/a><\/p>\n","protected":false},"author":3,"featured_media":0,"parent":21,"menu_order":0,"comment_status":"closed","ping_status":"open","template":"","meta":{"footnotes":""},"class_list":["post-1434","page","type-page","status-publish"],"_links":{"self":[{"href":"https:\/\/www.rauhalahtiroadrunners.com\/index.php?rest_route=\/wp\/v2\/pages\/1434","targetHints":{"allow":["GET"]}}],"collection":[{"href":"https:\/\/www.rauhalahtiroadrunners.com\/index.php?rest_route=\/wp\/v2\/pages"}],"about":[{"href":"https:\/\/www.rauhalahtiroadrunners.com\/index.php?rest_route=\/wp\/v2\/types\/page"}],"author":[{"embeddable":true,"href":"https:\/\/www.rauhalahtiroadrunners.com\/index.php?rest_route=\/wp\/v2\/users\/3"}],"replies":[{"embeddable":true,"href":"https:\/\/www.rauhalahtiroadrunners.com\/index.php?rest_route=%2Fwp%2Fv2%2Fcomments&post=1434"}],"version-history":[{"count":12,"href":"https:\/\/www.rauhalahtiroadrunners.com\/index.php?rest_route=\/wp\/v2\/pages\/1434\/revisions"}],"predecessor-version":[{"id":1993,"href":"https:\/\/www.rauhalahtiroadrunners.com\/index.php?rest_route=\/wp\/v2\/pages\/1434\/revisions\/1993"}],"up":[{"embeddable":true,"href":"https:\/\/www.rauhalahtiroadrunners.com\/index.php?rest_route=\/wp\/v2\/pages\/21"}],"wp:attachment":[{"href":"https:\/\/www.rauhalahtiroadrunners.com\/index.php?rest_route=%2Fwp%2Fv2%2Fmedia&parent=1434"}],"curies":[{"name":"wp","href":"https:\/\/api.w.org\/{rel}","templated":true}]}}