{"id":1323,"date":"2013-12-14T00:28:41","date_gmt":"2013-12-13T21:28:41","guid":{"rendered":"http:\/\/www.rauhalahtiroadrunners.com\/?page_id=1323"},"modified":"2013-12-20T23:23:47","modified_gmt":"2013-12-20T20:23:47","slug":"honolulu-2013","status":"publish","type":"page","link":"https:\/\/www.rauhalahtiroadrunners.com\/?page_id=1323","title":{"rendered":"Honolulu 2013"},"content":{"rendered":"<p>Honolulun maraton juostiin su 8.12.2013 helteisiss\u00e4 olosuhteissa. Mukana oli 11 hengen seurue, joista 6 juoksi maratonin ja 2 k\u00e4veli 10 km.<\/p>\n<p>Maratonin startti tapahtui pime\u00e4ll\u00e4\u00a0klo 05:00, jolloin l\u00e4mp\u00f6mittari n\u00e4ytti jo +23 astetta. Aurinko nousi jo ennen klo 07 ja alkoi l\u00e4mmitt\u00e4m\u00e4\u00e4n todella kuumasti. P\u00e4iv\u00e4l\u00e4mp\u00f6tila oli +28, kuten jokaisena muunakin matkap\u00e4iv\u00e4n\u00e4.<\/p>\n<p>Suomalaisia oli mukana 39 ja kaikkiaan maaliin tuli reilut 22.000 juoksijaa.<\/p>\n<p>Honolulu on varsin kaukana Suomesta: aikaero on -12 tuntia, menomatkan 3 lentoa kestiv\u00e4t yhteens\u00e4 n. 19 tuntia ja paluumatkan lennot saman verran. Odotteluineen ja viiv\u00e4stymisineen menomatka vei n. 30 tuntia ja paluumatka 35 tuntia (Helsinki &#8211; Honolulu).<\/p>\n<p>T\u00e4ss\u00e4<a title=\"Honolulu 2013 tulokset\" href=\"http:\/\/www.rauhalahtiroadrunners.com\/2013_Honolulu_FIN_tulokset.pdf\" target=\"_blank\"> tulokset suomalaisittain<\/a>.<\/p>\n<p>Juoksup\u00e4iv\u00e4n kuvasatoa (108 kuvaa, klikkaa kuvaa alla, kuvat M.Rantama):<\/p>\n<table style=\"width: 194px;\">\n<tbody>\n<tr>\n<td style=\"height: 194px; background: url('https:\/\/www.gstatic.com\/pwa\/s\/v\/lighthousefe_139.04\/transparent_album_background.gif') no-repeat left;\" align=\"center\"><a href=\"https:\/\/picasaweb.google.com\/110862520886183653495\/HonolulunMaraton2013?authuser=0&amp;authkey=Gv1sRgCPXogI2k64yX0QE&amp;feat=embedwebsite\"><img loading=\"lazy\" decoding=\"async\" style=\"margin: 1px 0 0 4px;\" alt=\"\" src=\"https:\/\/lh6.googleusercontent.com\/-gOIHcQMjjfk\/UrSLOi8UUZE\/AAAAAAAAHcM\/GcoPEpcaOMQ\/s160-c\/HonolulunMaraton2013.jpg?gl=FI\" width=\"160\" height=\"160\" \/><\/a><\/td>\n<\/tr>\n<tr>\n<td style=\"text-align: center; font-family: arial,sans-serif; font-size: 11px;\"><a style=\"color: #4d4d4d; font-weight: bold; text-decoration: none;\" href=\"https:\/\/picasaweb.google.com\/110862520886183653495\/HonolulunMaraton2013?authuser=0&amp;authkey=Gv1sRgCPXogI2k64yX0QE&amp;feat=embedwebsite\">Honolulun maraton 2013<\/a><\/td>\n<\/tr>\n<\/tbody>\n<\/table>\n","protected":false},"excerpt":{"rendered":"<p>Honolulun maraton juostiin su 8.12.2013 helteisiss\u00e4 olosuhteissa. Mukana oli 11 hengen seurue, joista 6 juoksi maratonin ja 2 k\u00e4veli 10 km. Maratonin startti tapahtui pime\u00e4ll\u00e4\u00a0klo 05:00, jolloin l\u00e4mp\u00f6mittari n\u00e4ytti jo +23 astetta. Aurinko nousi jo ennen klo 07 ja alkoi l\u00e4mmitt\u00e4m\u00e4\u00e4n todella kuumasti. P\u00e4iv\u00e4l\u00e4mp\u00f6tila oli +28, kuten jokaisena muunakin matkap\u00e4iv\u00e4n\u00e4. Suomalaisia oli mukana 39 ja &#8230; <a title=\"Honolulu 2013\" class=\"read-more\" href=\"https:\/\/www.rauhalahtiroadrunners.com\/?page_id=1323\" aria-label=\"Lue lis\u00e4\u00e4 aiheesta Honolulu 2013\">Lue lis\u00e4\u00e4<\/a><\/p>\n","protected":false},"author":3,"featured_media":0,"parent":0,"menu_order":0,"comment_status":"closed","ping_status":"open","template":"","meta":{"footnotes":""},"class_list":["post-1323","page","type-page","status-publish"],"_links":{"self":[{"href":"https:\/\/www.rauhalahtiroadrunners.com\/index.php?rest_route=\/wp\/v2\/pages\/1323","targetHints":{"allow":["GET"]}}],"collection":[{"href":"https:\/\/www.rauhalahtiroadrunners.com\/index.php?rest_route=\/wp\/v2\/pages"}],"about":[{"href":"https:\/\/www.rauhalahtiroadrunners.com\/index.php?rest_route=\/wp\/v2\/types\/page"}],"author":[{"embeddable":true,"href":"https:\/\/www.rauhalahtiroadrunners.com\/index.php?rest_route=\/wp\/v2\/users\/3"}],"replies":[{"embeddable":true,"href":"https:\/\/www.rauhalahtiroadrunners.com\/index.php?rest_route=%2Fwp%2Fv2%2Fcomments&post=1323"}],"version-history":[{"count":8,"href":"https:\/\/www.rauhalahtiroadrunners.com\/index.php?rest_route=\/wp\/v2\/pages\/1323\/revisions"}],"predecessor-version":[{"id":1343,"href":"https:\/\/www.rauhalahtiroadrunners.com\/index.php?rest_route=\/wp\/v2\/pages\/1323\/revisions\/1343"}],"wp:attachment":[{"href":"https:\/\/www.rauhalahtiroadrunners.com\/index.php?rest_route=%2Fwp%2Fv2%2Fmedia&parent=1323"}],"curies":[{"name":"wp","href":"https:\/\/api.w.org\/{rel}","templated":true}]}}