{"id":1296,"date":"2013-11-11T01:31:53","date_gmt":"2013-11-10T22:31:53","guid":{"rendered":"http:\/\/www.rauhalahtiroadrunners.com\/?page_id=1296"},"modified":"2014-12-03T20:50:31","modified_gmt":"2014-12-03T17:50:31","slug":"hiihtokalenteri-2014","status":"publish","type":"page","link":"https:\/\/www.rauhalahtiroadrunners.com\/?page_id=1296","title":{"rendered":"Hiihtokalenteri 2014"},"content":{"rendered":"<h6 align=\"left\"><span style=\"font-size: 14px;\"><strong>Hiihto- ja luistelutapahtumia talvella 2014<\/strong><\/span><\/h6>\n<p align=\"left\">P\u00e4ivitetty 18.3.2014<\/p>\n<p align=\"left\"><a title=\"Kuopion latutilanne\" href=\"http:\/\/www30.fastroi.fi\/LATUKUOPIO\/latu_01.html\" target=\"_blank\">Kuopion latujen kunnostustilanne<\/a><\/p>\n<p><strong>Helmikuu<br \/>\n<\/strong>15.-16.2.2014 <a href=\"http:\/\/mikkelinhiihtajat.sporttisaitti.com\/savonia\/\" target=\"_blank\">Savonia-hiihto <\/a>Mikkeliss\u00e4 (<strong>peruttu lumitilanteen vuoksi<\/strong>)<strong><br \/>\n<\/strong>19.-22.2.2014 <a href=\"http:\/\/www.finlandicemarathon.com\/\" target=\"_blank\">Finland Ice Marathon<\/a>, Kuopion matkustajasatama, <a title=\"Tulokset\" href=\"http:\/\/www.racetimer.se\/fi\/race\/show\/1676?layout=racetimer\" target=\"_blank\">tulokset<\/a><br \/>\nsu 23.2.2014 \u00a0<a title=\"Puijon Laturetki\" href=\"http:\/\/www.puijonlaturetki.com\/\" target=\"_blank\">Puijon laturetki<\/a>\u00a0(<strong>peruttu lumitilanteen vuoksi<\/strong>)<br \/>\nla-su 22.-23.2.2014 <a title=\"Finlandia Hiihto\" href=\"http:\/\/www.finlandiahiihto.fi\/\" target=\"_blank\">Finlandia Hiihto<\/a>, <a href=\"http:\/\/finlandiaresults.etaika.fi\/\" target=\"_blank\">tulokset<\/a><\/p>\n<p><strong>Maaliskuu<br \/>\n<\/strong>la 1.3.2014 <a title=\"Soisalon Hiihto\" href=\"http:\/\/www.soisalonhiihto.fi\/\" target=\"_blank\">Soisalon Hiihto Lepp\u00e4virran Konnuslahdessa<\/a> (vain perinteinen tyyli) (<strong>peruttu lumitilanteen vuoksi<\/strong>)<br \/>\nla-su 1.-2.3.2014 <a title=\"R\u00e4s\u00e4-Ukon laturetki\" href=\"http:\/\/www.siilinjarvi.fi\/?we_objectID=12832\" target=\"_blank\">R\u00e4s\u00e4-Ukon laturetki<\/a> Siilinj\u00e4rvelt\u00e4 Maaningalle, <a href=\"..\/..\/rasa_ukko_kartta.pdf\" target=\"_blank\">latukartta<\/a>, <a title=\"lis\u00e4tietoa\" href=\"http:\/\/www.rauhalahtiroadrunners.com\/?page_id=1018\" target=\"_blank\">lis\u00e4tiedot<\/a> Timo Hy\u00f6tyl\u00e4inen puh. 044 740 1360 (<strong>peruttu lumitilanteen vuoksi ?<\/strong>)<br \/>\nla-su 1.-2.3.2014 <a href=\"http:\/\/www.iisalmenlatu.fi\/tulevia-tapahtumia\/lasten-lajes-1-3-ja-lajeksen-lat\/\" target=\"_blank\">Lasten Lajes (la) ja Lajeksen Laturetki (su)<\/a>\u00a0Iisalmessa (<strong>peruttu lumitilanteen vuoksi<\/strong>)<br \/>\nla-su 1.-2.3.2014 <a title=\"Kolin Maisemahiihto\" href=\"http:\/\/www.maisemahiihto.fi\" target=\"_blank\">Kolin Maisemahiihto<\/a>\u00a0(<strong>peruttu lumitilanteen vuoksi<\/strong>)<strong><br \/>\n<\/strong><br \/>\nsu 2.3.2014 <a title=\"Pirkan Hiihto\" href=\"http:\/\/www.pirkankierros.fi\/pirkan\/index.php?option=com_content&amp;view=category&amp;layout=blog&amp;id=3&amp;Itemid=7\" target=\"_blank\">Pirkan Hiihto <\/a>(Kankaanp\u00e4\u00e4st\u00e4 Tampereelle 90 km) (<strong>peruttu lumitilanteen vuoksi<\/strong>)<br \/>\npe-la 7.-8.3.2014 <a title=\"Ahmanhiihto\" href=\"http:\/\/www.ahmanhiihto.fi\" target=\"_blank\">Ahmanhiihto <\/a>Kolilla (<strong>peruttu lumitilanteen vuoksi<\/strong>)<br \/>\nsu 9.3.2014 <a title=\"Paulintaival\" href=\"http:\/\/www.paulintaival.fi\" target=\"_blank\">Paulintaival<\/a>\u00a0(<strong>peruttu lumitilanteen vuoksi<\/strong>)<br \/>\nla-su 22.-23.3.2014 <a title=\"Pogostan Hiihto\" href=\"http:\/\/www.pogostanhiihto.fi\/\" target=\"_blank\">Pogostan Hiihto Ilomantsissa<\/a>\u00a0(<strong>peruttu lumitilanteen vuoksi<\/strong>)<br \/>\nla 22.3.2014 <a href=\"http:\/\/www.haastaitsesikunnolla.fi\/vuokatti+hiihto\/\" target=\"_blank\">Vuokatti Hiihto<\/a><\/p>\n<p>Lis\u00e4tietoa:<br \/>\nSuomen Ladun <a href=\"http:\/\/suomenlatu-fi-bin.directo.fi\/@Bin\/8b19461f95f97fcd0927388cbb73a7ff\/1392625768\/application\/pdf\/4591571\/laturetkikalenteri2014.pdf\">laturetkikalenteri 2014<\/a><\/p>\n","protected":false},"excerpt":{"rendered":"<p>Hiihto- ja luistelutapahtumia talvella 2014 P\u00e4ivitetty 18.3.2014 Kuopion latujen kunnostustilanne Helmikuu 15.-16.2.2014 Savonia-hiihto Mikkeliss\u00e4 (peruttu lumitilanteen vuoksi) 19.-22.2.2014 Finland Ice Marathon, Kuopion matkustajasatama, tulokset su 23.2.2014 \u00a0Puijon laturetki\u00a0(peruttu lumitilanteen vuoksi) la-su 22.-23.2.2014 Finlandia Hiihto, tulokset Maaliskuu la 1.3.2014 Soisalon Hiihto Lepp\u00e4virran Konnuslahdessa (vain perinteinen tyyli) (peruttu lumitilanteen vuoksi) la-su 1.-2.3.2014 R\u00e4s\u00e4-Ukon laturetki Siilinj\u00e4rvelt\u00e4 Maaningalle, latukartta, &#8230; <a title=\"Hiihtokalenteri 2014\" class=\"read-more\" href=\"https:\/\/www.rauhalahtiroadrunners.com\/?page_id=1296\" aria-label=\"Lue lis\u00e4\u00e4 aiheesta Hiihtokalenteri 2014\">Lue lis\u00e4\u00e4<\/a><\/p>\n","protected":false},"author":3,"featured_media":0,"parent":0,"menu_order":0,"comment_status":"closed","ping_status":"open","template":"","meta":{"footnotes":""},"class_list":["post-1296","page","type-page","status-publish"],"_links":{"self":[{"href":"https:\/\/www.rauhalahtiroadrunners.com\/index.php?rest_route=\/wp\/v2\/pages\/1296","targetHints":{"allow":["GET"]}}],"collection":[{"href":"https:\/\/www.rauhalahtiroadrunners.com\/index.php?rest_route=\/wp\/v2\/pages"}],"about":[{"href":"https:\/\/www.rauhalahtiroadrunners.com\/index.php?rest_route=\/wp\/v2\/types\/page"}],"author":[{"embeddable":true,"href":"https:\/\/www.rauhalahtiroadrunners.com\/index.php?rest_route=\/wp\/v2\/users\/3"}],"replies":[{"embeddable":true,"href":"https:\/\/www.rauhalahtiroadrunners.com\/index.php?rest_route=%2Fwp%2Fv2%2Fcomments&post=1296"}],"version-history":[{"count":23,"href":"https:\/\/www.rauhalahtiroadrunners.com\/index.php?rest_route=\/wp\/v2\/pages\/1296\/revisions"}],"predecessor-version":[{"id":1890,"href":"https:\/\/www.rauhalahtiroadrunners.com\/index.php?rest_route=\/wp\/v2\/pages\/1296\/revisions\/1890"}],"wp:attachment":[{"href":"https:\/\/www.rauhalahtiroadrunners.com\/index.php?rest_route=%2Fwp%2Fv2%2Fmedia&parent=1296"}],"curies":[{"name":"wp","href":"https:\/\/api.w.org\/{rel}","templated":true}]}}