{"id":1192,"date":"2013-09-24T11:21:18","date_gmt":"2013-09-24T08:21:18","guid":{"rendered":"http:\/\/www.rauhalahtiroadrunners.com\/?page_id=1192"},"modified":"2013-10-31T20:20:08","modified_gmt":"2013-10-31T17:20:08","slug":"rrrn-maastojuoksumestaruuskisa-2013","status":"publish","type":"page","link":"https:\/\/www.rauhalahtiroadrunners.com\/?page_id=1192","title":{"rendered":"RRR:n maastojuoksumestaruuskisa 2013"},"content":{"rendered":"<p style=\"text-align: center;\"><span style=\"color: #ff0000; font-size: 28px;\"><strong>Rauhalahti Road Runners ry<\/strong><\/span><\/p>\n<p>RRR j\u00e4rjest\u00e4\u00e4 avoimen seuranmestaruuskisan seuraavasti (p\u00e4ivitetty 31.10.2013):<\/p>\n<p>Aika: lauantaina 2.11.2013 klo 10:00 alkaen<\/p>\n<p>L\u00e4ht\u00f6paikka: kokoontuminen klo 09:45 S\u00e4rkilahdessa Hong Kongia vastapaat\u00e4 Lev\u00e4sentien toisella puolella olevassa, moottoritien alittavassa tunnelissa<\/p>\n<p>Reitti: maastossa Neulam\u00e4en latupohjilla ja poluilla, 1\/2\/3\/4\/5 kierrosta oman valinnan mukaan, yksi t\u00e4ysi kierros = 4.3 km.<\/p>\n<p>Matkat: 3.9 km (1k), 8.2 km (2k), 12.5km (3k), 16.8 km (4k)\u00a0ja <strong>puolimaraton (5k)<\/strong>. Mestaruus ratkaistaan vain puolimaratonilla.<\/p>\n<p>Sarjat: <strong>M<\/strong>iehet, <strong>N<\/strong>aiset<\/p>\n<p>Palvelut: Juomahuolto, ajan kirjaus (jokainen ottaa itse ajan), pient\u00e4 suolaista<\/p>\n<p>Osanottomaksut: RRR:n j\u00e4senille ilmainen.\u00a0Seuran ulkopuoliset tervetulleita tapahtumaan, he eiv\u00e4t osallistu mestaruuskisaan, osanottomaksu heille 10 euroa.<\/p>\n<p>Ilmoittautuminen:\u00a0Markus Karjalainen\u00a030.10.2013 menness\u00e4: <a href=\"mailto:markus.karjalainen@savonsanomat.fi\" target=\"_blank\">markus.karjalainen@savonsanomat.fi<\/a><\/p>\n<p>Tervetuloa mukaan!<\/p>\n","protected":false},"excerpt":{"rendered":"<p>Rauhalahti Road Runners ry RRR j\u00e4rjest\u00e4\u00e4 avoimen seuranmestaruuskisan seuraavasti (p\u00e4ivitetty 31.10.2013): Aika: lauantaina 2.11.2013 klo 10:00 alkaen L\u00e4ht\u00f6paikka: kokoontuminen klo 09:45 S\u00e4rkilahdessa Hong Kongia vastapaat\u00e4 Lev\u00e4sentien toisella puolella olevassa, moottoritien alittavassa tunnelissa Reitti: maastossa Neulam\u00e4en latupohjilla ja poluilla, 1\/2\/3\/4\/5 kierrosta oman valinnan mukaan, yksi t\u00e4ysi kierros = 4.3 km. Matkat: 3.9 km (1k), 8.2 km &#8230; <a title=\"RRR:n maastojuoksumestaruuskisa 2013\" class=\"read-more\" href=\"https:\/\/www.rauhalahtiroadrunners.com\/?page_id=1192\" aria-label=\"Lue lis\u00e4\u00e4 aiheesta RRR:n maastojuoksumestaruuskisa 2013\">Lue lis\u00e4\u00e4<\/a><\/p>\n","protected":false},"author":3,"featured_media":0,"parent":0,"menu_order":0,"comment_status":"closed","ping_status":"open","template":"","meta":{"footnotes":""},"class_list":["post-1192","page","type-page","status-publish"],"_links":{"self":[{"href":"https:\/\/www.rauhalahtiroadrunners.com\/index.php?rest_route=\/wp\/v2\/pages\/1192","targetHints":{"allow":["GET"]}}],"collection":[{"href":"https:\/\/www.rauhalahtiroadrunners.com\/index.php?rest_route=\/wp\/v2\/pages"}],"about":[{"href":"https:\/\/www.rauhalahtiroadrunners.com\/index.php?rest_route=\/wp\/v2\/types\/page"}],"author":[{"embeddable":true,"href":"https:\/\/www.rauhalahtiroadrunners.com\/index.php?rest_route=\/wp\/v2\/users\/3"}],"replies":[{"embeddable":true,"href":"https:\/\/www.rauhalahtiroadrunners.com\/index.php?rest_route=%2Fwp%2Fv2%2Fcomments&post=1192"}],"version-history":[{"count":6,"href":"https:\/\/www.rauhalahtiroadrunners.com\/index.php?rest_route=\/wp\/v2\/pages\/1192\/revisions"}],"predecessor-version":[{"id":1266,"href":"https:\/\/www.rauhalahtiroadrunners.com\/index.php?rest_route=\/wp\/v2\/pages\/1192\/revisions\/1266"}],"wp:attachment":[{"href":"https:\/\/www.rauhalahtiroadrunners.com\/index.php?rest_route=%2Fwp%2Fv2%2Fmedia&parent=1192"}],"curies":[{"name":"wp","href":"https:\/\/api.w.org\/{rel}","templated":true}]}}