{"id":1109,"date":"2013-07-07T01:37:53","date_gmt":"2013-07-06T22:37:53","guid":{"rendered":"http:\/\/www.rauhalahtiroadrunners.com\/?page_id=1109"},"modified":"2014-06-29T21:25:25","modified_gmt":"2014-06-29T19:25:25","slug":"pietarin-maraton-2013","status":"publish","type":"page","link":"https:\/\/www.rauhalahtiroadrunners.com\/?page_id=1109","title":{"rendered":"Pietarin maraton 2013"},"content":{"rendered":"<p>Pietarin maraton (<a href=\"http:\/\/www.wnmarathon.ru\">Ergo White Nights Marathon<\/a>) juostiin sunnuntaina 30.6.2013. RRR teki bussimatkan Pietariin 29.6. &#8211; 3.7.2013. Mukana oli 22 henkil\u00f6\u00e4, joista 14 juoksi maratonin. Kuopiolaisten lis\u00e4ksi matkalla oli mukana\u00a02 henkil\u00f6\u00e4 Mikkelist\u00e4 ja yksi Porvoosta.<\/p>\n<p>Menomatkan j\u00e4nnityst\u00e4 lis\u00e4si se, ett\u00e4 meid\u00e4n tuli ehti\u00e4 numeroiden hakuun, joka oli auki lauantaina klo 20:een. T\u00e4m\u00e4n vuoksi ohitimme Viipurin ja saavuimmekin Pietariin n. klo 19:15. Ehdimme hyvin noutaa starttipaketit ja nauttia my\u00f6s pasta-annokset expossa.<\/p>\n<p>Juoksup\u00e4iv\u00e4n keli oli pilvipoutainen, l\u00e4mp\u00f6tila n. 25 astetta, tuulta oli hivenen, varsinkin kanavien rantaosuuksilla. V\u00e4lill\u00e4 aurinko hieman pilkisteli, mutta ei kuitenkaan \u00e4itynyt paistamaan, mik\u00e4 oli juoksijoiden onni. Tuulettomilla osuuksilla oli nihke\u00e4n l\u00e4mmint\u00e4.<\/p>\n<p>Kaikkiaan maratoonareita tuli maaliin n. 1400, joista n. 1200 oli miehi\u00e4. Suomalaisia naisia oli mukana 9, joista 7 meid\u00e4n porukassa. Suomalaisia miehi\u00e4 oli 14, joista 7 oli meid\u00e4n porukassa.<\/p>\n<p>T\u00e4ss\u00e4 suomalaisten tulokset: <a title=\"suomalsiet naiset\" href=\"http:\/\/www.rauhalahtiroadrunners.com\/2013_WN_naiset.pdf\">naiset<\/a> ja <a title=\"suomalaiset miehet\" href=\"http:\/\/www.rauhalahtiroadrunners.com\/2013_WN_miehet.pdf\">miehet<\/a>. <a href=\"http:\/\/www.wnmarathon.ru\/file\/2013-WN.xls\">Kaikki tulokset<\/a>.<\/p>\n<p>Maratonmatkan runsas kuvasato l\u00f6ytyy alta, yhteens\u00e4 346 kuvaa (useita kuvaajia):<\/p>\n<p>&#8211; Menomatka la 29.6.2013 (14 kuvaa):<\/p>\n<table style=\"width: 194px;\">\n<tbody>\n<tr>\n<td style=\"height: 194px; background: url('https:\/\/picasaweb.google.com\/s\/c\/transparent_album_background.gif') no-repeat left;\" align=\"center\"><a href=\"https:\/\/picasaweb.google.com\/110862520886183653495\/PietarinMaraton2013Menopaiva2962013?authuser=0&amp;authkey=Gv1sRgCP_g2-WCobGaOQ&amp;feat=embedwebsite\"><img loading=\"lazy\" decoding=\"async\" style=\"margin: 1px 0 0 4px;\" alt=\"\" src=\"https:\/\/lh3.googleusercontent.com\/-36RTP8_ubrg\/Udx5SUv2o_E\/AAAAAAAAF64\/FUvpiuU285w\/s160-c\/PietarinMaraton2013Menopaiva2962013.jpg\" width=\"160\" height=\"160\" \/><\/a><\/td>\n<\/tr>\n<tr>\n<td style=\"text-align: center; font-family: arial,sans-serif; font-size: 11px;\"><a style=\"color: #4d4d4d; font-weight: bold; text-decoration: none;\" href=\"https:\/\/picasaweb.google.com\/110862520886183653495\/PietarinMaraton2013Menopaiva2962013?authuser=0&amp;authkey=Gv1sRgCP_g2-WCobGaOQ&amp;feat=embedwebsite\">Pietarin maraton 2013 \/ menop\u00e4iv\u00e4 29.6.2013<\/a><\/td>\n<\/tr>\n<\/tbody>\n<\/table>\n<p>&#8211; Maratonp\u00e4iv\u00e4 30.6.2013 (97 kuvaa):<\/p>\n<table style=\"width: 194px;\">\n<tbody>\n<tr>\n<td style=\"height: 194px; background: url('https:\/\/picasaweb.google.com\/s\/c\/transparent_album_background.gif') no-repeat left;\" align=\"center\"><a href=\"https:\/\/picasaweb.google.com\/110862520886183653495\/PietarinMaraton2013Juoksupaiva3062013?authuser=0&amp;authkey=Gv1sRgCNSc1tbfjvfbUA&amp;feat=embedwebsite\"><img loading=\"lazy\" decoding=\"async\" style=\"margin: 1px 0 0 4px;\" alt=\"\" src=\"https:\/\/lh6.googleusercontent.com\/--7RGkNk9aIE\/Udx9JAAet4E\/AAAAAAAAGIA\/HRmSzRYNKaw\/s160-c\/PietarinMaraton2013Juoksupaiva3062013.jpg\" width=\"160\" height=\"160\" \/><\/a><\/td>\n<\/tr>\n<tr>\n<td style=\"text-align: center; font-family: arial,sans-serif; font-size: 11px;\"><a style=\"color: #4d4d4d; font-weight: bold; text-decoration: none;\" href=\"https:\/\/picasaweb.google.com\/110862520886183653495\/PietarinMaraton2013Juoksupaiva3062013?authuser=0&amp;authkey=Gv1sRgCNSc1tbfjvfbUA&amp;feat=embedwebsite\">Pietarin maraton 2013 \/ juoksup\u00e4iv\u00e4 30.6.2013<\/a><\/td>\n<\/tr>\n<\/tbody>\n<\/table>\n<p>&#8211; Maanantai 1.7.2013 (mm. Smolnan luostarin kirkko, Verikirkko, Iisakin kirkko, 41 kuvaa):<\/p>\n<table style=\"width: 194px;\">\n<tbody>\n<tr>\n<td style=\"height: 194px; background: url('https:\/\/picasaweb.google.com\/s\/c\/transparent_album_background.gif') no-repeat left;\" align=\"center\"><a href=\"https:\/\/picasaweb.google.com\/110862520886183653495\/PietarinMaraton2013Maanantai172013?authuser=0&amp;authkey=Gv1sRgCPzL_OXDlK-CngE&amp;feat=embedwebsite\"><img loading=\"lazy\" decoding=\"async\" style=\"margin: 1px 0 0 4px;\" alt=\"\" src=\"https:\/\/lh6.googleusercontent.com\/-hVSMPsfY16Y\/Ud1q7GHd4lE\/AAAAAAAAGVU\/xIH5NDaO4Ws\/s160-c\/PietarinMaraton2013Maanantai172013.jpg\" width=\"160\" height=\"160\" \/><\/a><\/td>\n<\/tr>\n<tr>\n<td style=\"text-align: center; font-family: arial,sans-serif; font-size: 11px;\"><a style=\"color: #4d4d4d; font-weight: bold; text-decoration: none;\" href=\"https:\/\/picasaweb.google.com\/110862520886183653495\/PietarinMaraton2013Maanantai172013?authuser=0&amp;authkey=Gv1sRgCPzL_OXDlK-CngE&amp;feat=embedwebsite\">Pietarin maraton 2013 \/ maanantai 1.7.2013<\/a><\/td>\n<\/tr>\n<\/tbody>\n<\/table>\n<p>&#8211; Tiistai 2.7.2013 (mm. Pietarhovi, Eremitaasi, 127 kuvaa):<\/p>\n<table style=\"width: 194px;\">\n<tbody>\n<tr>\n<td style=\"height: 194px; background: url('https:\/\/picasaweb.google.com\/s\/c\/transparent_album_background.gif') no-repeat left;\" align=\"center\"><a href=\"https:\/\/picasaweb.google.com\/110862520886183653495\/PietarinMaraton2013Tiistai272013?authuser=0&amp;authkey=Gv1sRgCJvAtuukwtuk_wE&amp;feat=embedwebsite\"><img loading=\"lazy\" decoding=\"async\" style=\"margin: 1px 0 0 4px;\" alt=\"\" src=\"https:\/\/lh6.googleusercontent.com\/-Rtc8vN4Y58I\/Ud1vR40CVlE\/AAAAAAAAGqI\/gg78gMd0s6I\/s160-c\/PietarinMaraton2013Tiistai272013.jpg\" width=\"160\" height=\"160\" \/><\/a><\/td>\n<\/tr>\n<tr>\n<td style=\"text-align: center; font-family: arial,sans-serif; font-size: 11px;\"><a style=\"color: #4d4d4d; font-weight: bold; text-decoration: none;\" href=\"https:\/\/picasaweb.google.com\/110862520886183653495\/PietarinMaraton2013Tiistai272013?authuser=0&amp;authkey=Gv1sRgCJvAtuukwtuk_wE&amp;feat=embedwebsite\">Pietarin maraton 2013 \/ tiistai 2.7.2013<\/a><\/td>\n<\/tr>\n<\/tbody>\n<\/table>\n<p>&#8211; Paluumatka 3.7.2013 (Viipuri, 67 kuvaa):<\/p>\n<table style=\"width: 194px;\">\n<tbody>\n<tr>\n<td style=\"height: 194px; background: url('https:\/\/picasaweb.google.com\/s\/c\/transparent_album_background.gif') no-repeat left;\" align=\"center\"><a href=\"https:\/\/picasaweb.google.com\/110862520886183653495\/PietarinMaraton2013PaluupaivaKe372013?authuser=0&amp;authkey=Gv1sRgCMb_oauL-YmYDA&amp;feat=embedwebsite\"><img loading=\"lazy\" decoding=\"async\" style=\"margin: 1px 0 0 4px;\" alt=\"\" src=\"https:\/\/lh3.googleusercontent.com\/-T54JVAMlX60\/Ud1yI6BPk6E\/AAAAAAAAGsc\/U6bOWTWdXg8\/s160-c\/PietarinMaraton2013PaluupaivaKe372013.jpg\" width=\"160\" height=\"160\" \/><\/a><\/td>\n<\/tr>\n<tr>\n<td style=\"text-align: center; font-family: arial,sans-serif; font-size: 11px;\"><a style=\"color: #4d4d4d; font-weight: bold; text-decoration: none;\" href=\"https:\/\/picasaweb.google.com\/110862520886183653495\/PietarinMaraton2013PaluupaivaKe372013?authuser=0&amp;authkey=Gv1sRgCMb_oauL-YmYDA&amp;feat=embedwebsite\">Pietarin maraton 2013 \/ paluup\u00e4iv\u00e4 ke 3.7.2013<\/a><\/td>\n<\/tr>\n<\/tbody>\n<\/table>\n<p>&nbsp;<\/p>\n","protected":false},"excerpt":{"rendered":"<p>Pietarin maraton (Ergo White Nights Marathon) juostiin sunnuntaina 30.6.2013. RRR teki bussimatkan Pietariin 29.6. &#8211; 3.7.2013. Mukana oli 22 henkil\u00f6\u00e4, joista 14 juoksi maratonin. Kuopiolaisten lis\u00e4ksi matkalla oli mukana\u00a02 henkil\u00f6\u00e4 Mikkelist\u00e4 ja yksi Porvoosta. Menomatkan j\u00e4nnityst\u00e4 lis\u00e4si se, ett\u00e4 meid\u00e4n tuli ehti\u00e4 numeroiden hakuun, joka oli auki lauantaina klo 20:een. T\u00e4m\u00e4n vuoksi ohitimme Viipurin ja &#8230; <a title=\"Pietarin maraton 2013\" class=\"read-more\" href=\"https:\/\/www.rauhalahtiroadrunners.com\/?page_id=1109\" aria-label=\"Lue lis\u00e4\u00e4 aiheesta Pietarin maraton 2013\">Lue lis\u00e4\u00e4<\/a><\/p>\n","protected":false},"author":3,"featured_media":0,"parent":0,"menu_order":0,"comment_status":"closed","ping_status":"open","template":"","meta":{"footnotes":""},"class_list":["post-1109","page","type-page","status-publish"],"_links":{"self":[{"href":"https:\/\/www.rauhalahtiroadrunners.com\/index.php?rest_route=\/wp\/v2\/pages\/1109","targetHints":{"allow":["GET"]}}],"collection":[{"href":"https:\/\/www.rauhalahtiroadrunners.com\/index.php?rest_route=\/wp\/v2\/pages"}],"about":[{"href":"https:\/\/www.rauhalahtiroadrunners.com\/index.php?rest_route=\/wp\/v2\/types\/page"}],"author":[{"embeddable":true,"href":"https:\/\/www.rauhalahtiroadrunners.com\/index.php?rest_route=\/wp\/v2\/users\/3"}],"replies":[{"embeddable":true,"href":"https:\/\/www.rauhalahtiroadrunners.com\/index.php?rest_route=%2Fwp%2Fv2%2Fcomments&post=1109"}],"version-history":[{"count":3,"href":"https:\/\/www.rauhalahtiroadrunners.com\/index.php?rest_route=\/wp\/v2\/pages\/1109\/revisions"}],"predecessor-version":[{"id":1607,"href":"https:\/\/www.rauhalahtiroadrunners.com\/index.php?rest_route=\/wp\/v2\/pages\/1109\/revisions\/1607"}],"wp:attachment":[{"href":"https:\/\/www.rauhalahtiroadrunners.com\/index.php?rest_route=%2Fwp%2Fv2%2Fmedia&parent=1109"}],"curies":[{"name":"wp","href":"https:\/\/api.w.org\/{rel}","templated":true}]}}