{"id":1018,"date":"2013-02-18T11:33:44","date_gmt":"2013-02-18T09:33:44","guid":{"rendered":"http:\/\/www.rauhalahtiroadrunners.com\/?page_id=1018"},"modified":"2013-02-18T11:33:44","modified_gmt":"2013-02-18T09:33:44","slug":"rasa-ukon-laturetki-2-3-3-2013","status":"publish","type":"page","link":"https:\/\/www.rauhalahtiroadrunners.com\/?page_id=1018","title":{"rendered":"R\u00e4s\u00e4-Ukon laturetki 2.-3.3.2013"},"content":{"rendered":"<p><strong>R\u00e4s\u00e4-Ukko hiihdet\u00e4\u00e4n vanhaan hyv\u00e4\u00e4n malliin<\/strong><br \/>\nIlpo Lommi<\/p>\n<p>Siilinj\u00e4rven-Maaningan v\u00e4lill\u00e4 j\u00e4rjestett\u00e4v\u00e4 perinteinen R\u00e4s\u00e4-Ukon laturetkihiihto sivakoidaan\u00a02.-3.2013 jo 40. kerran. Hyv\u00e4n lumitilanteen ansiosta hiiht\u00e4j\u00e4t p\u00e4\u00e4ssev\u00e4t etenem\u00e4\u00e4n koko 40 km:n reitin Siilinj\u00e4rven Patakukkulalta virallisina l\u00e4ht\u00f6paikkoina olevien Laturastin majan ja K\u00e4\u00e4rmelahden koulun kautta Sinikiven entiselle meijerille sek\u00e4 samaa reitti\u00e4 takaisin. Reitti voidaan hiiht\u00e4\u00e4 my\u00f6s p\u00e4invastoin.<\/p>\n<p>Siilinj\u00e4rven liikuntatoimenjohtaja Timo Hy\u00f6tyl\u00e4inen asettaa pienen varauksen. &#8221;T\u00e4yden matkan edellytyksen\u00e4 on, ett\u00e4 edestakainen j\u00e4\u00e4osuus K\u00e4\u00e4rmelahdesta Sinikivelle pysyy hiihdett\u00e4v\u00e4ss\u00e4 kunnossa eik\u00e4 j\u00e4\u00e4lle nouse vett\u00e4. Ilman Sinikiven lenkki\u00e4kin saadaan mukava 30 km:n reitti, jonka uutterimmat voivat hiiht\u00e4\u00e4 kumpanakin p\u00e4iv\u00e4n\u00e4.&#8221;<\/p>\n<p>Hiihtotyylirajoituksia ei Hy\u00f6tyl\u00e4isen mukaan ole eli laturetke\u00e4 voi taittaa molempina p\u00e4ivin\u00e4 joko vapaalla luistelutyylill\u00e4 tai perinteisell\u00e4 vuoropotku-tasaty\u00f6nn\u00f6ll\u00e4. Kyseess\u00e4 ei ole my\u00f6sk\u00e4\u00e4n kilpailu, joten tilaa l\u00f6ytyy kaikenvauhtisille hiiht\u00e4jille sopuisasti. Reitit ajetaan latukoneilla kumpanakin aamuna, joten lumisateellakin baanat ovat kunnossa.<\/p>\n<p>Lyhyemm\u00e4st\u00e4 hiihtomatkasta kiinnostuneille on toista kertaa tarjolla Siilin Ladun Laturastimajalta golf-kent\u00e4n suuntaan l\u00e4htev\u00e4 5 km:n Pikku R\u00e4s\u00e4-Ukko. Helppo reitti on mm. lapsiperheit\u00e4 varten.<\/p>\n<p>Patakukkulalle parkkiin<\/p>\n<p>Timo Hy\u00f6tyl\u00e4inen suosittelee autolla R\u00e4s\u00e4-Ukkoon tuleville parkkipaikaksi Patakukkulaa, koska Laturastimajalla ei ole pys\u00e4k\u00f6intitilaa. &#8221;Patakukkulalta on sinne matkaa vain 1,5 km, mik\u00e4 on sopiva matka alkul\u00e4mmittelyyn sek\u00e4 suksien pidon ja luiston testaamiseen. Voitelupalvelua ei ole tapahtumassa. Reitti on varsin tasainen ja siin\u00e4 on vain pari tiukempaa yl\u00e4- ja alam\u00e4ke\u00e4.&#8221;<\/p>\n<p>Siilin Ladun talkoolaiset ottavat Laturastin majalla ilmoittautumisia vastaan klo 8-12, mutta maja on avoinna klo 16:een. Maaningan Mahti ottaa vastaan ilmoittautujia Sinikivell\u00e4 ja K\u00e4\u00e4rmelahdessa. Viiden euron edullisella maksulla hiiht\u00e4j\u00e4t saavat l\u00e4mmint\u00e4 mehua Laturastin majalla, K\u00e4\u00e4rmelahdessa ja Siilinj\u00e4rven Pesiksen yll\u00e4pit\u00e4m\u00e4ss\u00e4 Koivusaarentien huoltopisteess\u00e4 Hamulassa. Lis\u00e4ksi he osallistuvat mm. suksipaketin arvontaan.<\/p>\n<p>Timo Hy\u00f6tyl\u00e4inen odottaa R\u00e4s\u00e4-Ukkoon yhteens\u00e4 900 hiiht\u00e4j\u00e4\u00e4, jos s\u00e4\u00e4 suosii. Tapahtuman suosio on ollut viime vuosina hienoisessa nousussa.<\/p>\n","protected":false},"excerpt":{"rendered":"<p>R\u00e4s\u00e4-Ukko hiihdet\u00e4\u00e4n vanhaan hyv\u00e4\u00e4n malliin Ilpo Lommi Siilinj\u00e4rven-Maaningan v\u00e4lill\u00e4 j\u00e4rjestett\u00e4v\u00e4 perinteinen R\u00e4s\u00e4-Ukon laturetkihiihto sivakoidaan\u00a02.-3.2013 jo 40. kerran. Hyv\u00e4n lumitilanteen ansiosta hiiht\u00e4j\u00e4t p\u00e4\u00e4ssev\u00e4t etenem\u00e4\u00e4n koko 40 km:n reitin Siilinj\u00e4rven Patakukkulalta virallisina l\u00e4ht\u00f6paikkoina olevien Laturastin majan ja K\u00e4\u00e4rmelahden koulun kautta Sinikiven entiselle meijerille sek\u00e4 samaa reitti\u00e4 takaisin. Reitti voidaan hiiht\u00e4\u00e4 my\u00f6s p\u00e4invastoin. Siilinj\u00e4rven liikuntatoimenjohtaja Timo Hy\u00f6tyl\u00e4inen asettaa &#8230; <a title=\"R\u00e4s\u00e4-Ukon laturetki 2.-3.3.2013\" class=\"read-more\" href=\"https:\/\/www.rauhalahtiroadrunners.com\/?page_id=1018\" aria-label=\"Lue lis\u00e4\u00e4 aiheesta R\u00e4s\u00e4-Ukon laturetki 2.-3.3.2013\">Lue lis\u00e4\u00e4<\/a><\/p>\n","protected":false},"author":3,"featured_media":0,"parent":0,"menu_order":0,"comment_status":"closed","ping_status":"open","template":"","meta":{"footnotes":""},"class_list":["post-1018","page","type-page","status-publish"],"_links":{"self":[{"href":"https:\/\/www.rauhalahtiroadrunners.com\/index.php?rest_route=\/wp\/v2\/pages\/1018","targetHints":{"allow":["GET"]}}],"collection":[{"href":"https:\/\/www.rauhalahtiroadrunners.com\/index.php?rest_route=\/wp\/v2\/pages"}],"about":[{"href":"https:\/\/www.rauhalahtiroadrunners.com\/index.php?rest_route=\/wp\/v2\/types\/page"}],"author":[{"embeddable":true,"href":"https:\/\/www.rauhalahtiroadrunners.com\/index.php?rest_route=\/wp\/v2\/users\/3"}],"replies":[{"embeddable":true,"href":"https:\/\/www.rauhalahtiroadrunners.com\/index.php?rest_route=%2Fwp%2Fv2%2Fcomments&post=1018"}],"version-history":[{"count":0,"href":"https:\/\/www.rauhalahtiroadrunners.com\/index.php?rest_route=\/wp\/v2\/pages\/1018\/revisions"}],"wp:attachment":[{"href":"https:\/\/www.rauhalahtiroadrunners.com\/index.php?rest_route=%2Fwp%2Fv2%2Fmedia&parent=1018"}],"curies":[{"name":"wp","href":"https:\/\/api.w.org\/{rel}","templated":true}]}}