{"id":1013,"date":"2013-02-04T00:15:18","date_gmt":"2013-02-03T22:15:18","guid":{"rendered":"http:\/\/www.rauhalahtiroadrunners.com\/?page_id=1013"},"modified":"2014-01-01T11:59:46","modified_gmt":"2014-01-01T08:59:46","slug":"valokuvat-2013","status":"publish","type":"page","link":"https:\/\/www.rauhalahtiroadrunners.com\/?page_id=1013","title":{"rendered":"Valokuvat 2013"},"content":{"rendered":"<p><span style=\"font-size: 14px;\">Vuoden 2013 kuvasatoa:<\/span><\/p>\n<p>27.1.2013 <a title=\"Kotirataultra 27.1.2013\" href=\"https:\/\/picasaweb.google.com\/110862520886183653495\/Kotirataultra2712013?authuser=0&amp;authkey=Gv1sRgCPCq1p3e0eaJxQE&amp;feat=directlink\" target=\"_blank\">Kotirataultra<\/a><\/p>\n<p>13.4.2013 <a title=\"Kolmen Kylpyl\u00e4n Kirmaisu 2013\" href=\"http:\/\/www.rauhalahtiroadrunners.com\/?page_id=1048\" target=\"_blank\">Kolmen Kylpyl\u00e4n Kirmaisu<\/a><br \/>\n20.4.2013 <a title=\"Kallavesj-h\u00f6lk\u00e4n 2013 kuvia\" href=\"http:\/\/www.rauhalahtiroadrunners.com\/kallavesj\/?page_id=158\" target=\"_blank\">Kallavesj-h\u00f6lkk\u00e4<\/a><\/p>\n<p>6.5.2013 <a title=\"Markun 60v-juhlajuoksu\" href=\"https:\/\/picasaweb.google.com\/110862520886183653495\/Markun60vJuhlajuoksu?authuser=0&amp;authkey=Gv1sRgCMetsPi-2ufycg&amp;feat=directlink\" target=\"_blank\">Markun 60v-juhlajuoksu<\/a><br \/>\n11.5.2013 <a title=\"Kuopio 6h Run tulokset ja kuvat\" href=\"http:\/\/www.rauhalahtiroadrunners.com\/?p=1068\" target=\"_blank\">Kuopio 6h Run<\/a><br \/>\n11.5.2013 <a title=\"L\u00e4nsiranta-h\u00f6l\u00f6kk\u00e4 11.5.2013\" href=\"http:\/\/www.rauhalahtiroadrunners.com\/?p=1078\">L\u00e4nsiranta-h\u00f6l\u00f6kk\u00e4<\/a><br \/>\n18.5.2013 <a title=\"Varkaus Puolikas\" href=\"http:\/\/www.rauhalahtiroadrunners.com\/?p=1070\" target=\"_blank\">Varkaus Puolikas<\/a><br \/>\n18.5.2013 <a title=\"Tahko Run 18.5.2013\" href=\"http:\/\/www.rauhalahtiroadrunners.com\/?p=1073\">Tahko Run <\/a>(1 kuva)<br \/>\n25.5.2013 <a title=\"Terwamaraton ja SVU-SM-maraton\" href=\"http:\/\/www.rauhalahtiroadrunners.com\/?p=1079\">Terwamaraton ja SVU-SM-maraton<\/a><\/p>\n<p>5.6.2013 <a title=\"Valkeisenlammen ymp\u00e4rijuoksu\" href=\"https:\/\/picasaweb.google.com\/110862520886183653495\/ValkeisenlammenYmparijuoksu2013?authuser=0&amp;authkey=Gv1sRgCPveps6rjfedUQ&amp;feat=directlink\" target=\"_blank\">Valkeisenlammen ymp\u00e4rijuoksu<\/a><br \/>\n13.6.2013 <a title=\"RRR:n kes\u00e4idus 2013\" href=\"https:\/\/picasaweb.google.com\/110862520886183653495\/RRRNKesaidus2013?authuser=0&amp;authkey=Gv1sRgCJKPm6u-uM6vmwE&amp;feat=directlink\" target=\"_blank\">RRR:n kes\u00e4idus<\/a><br \/>\n14.6.2013 <a title=\"Arin 50v-juhlat\" href=\"https:\/\/picasaweb.google.com\/110862520886183653495\/Arin50vJuhlat1462013?authuser=0&amp;authkey=Gv1sRgCOf30Pe5lO7jzQE&amp;feat=directlink\" target=\"_blank\">Ari J\u00e4rvel\u00e4isen 50v-juhlat<\/a><br \/>\n21.6.2013 <a title=\"Kiimasen Savulenkki 21.6.2013\" href=\"http:\/\/www.rauhalahtiroadrunners.com\/?page_id=1121\">Kiimasen Savulenkki<\/a>, Saarij\u00e4rvi<br \/>\n29.6.-.3.7.2013 <a title=\"Pietarin maraton 2013\" href=\"http:\/\/www.rauhalahtiroadrunners.com\/?page_id=1109\">Pietarin maratonmatka<\/a><\/p>\n<p>26.7.2013 <a title=\"Kivennavan kierto 2013\" href=\"https:\/\/picasaweb.google.com\/110862520886183653495\/KivennavanKierto2013?authuser=0&amp;authkey=Gv1sRgCNLh2bbkt_3aPQ&amp;feat=directlink\" target=\"_blank\">Kivennavan kierto<\/a><\/p>\n<p>24.8.2013 <a title=\"Kivitippu-ultra\" href=\"http:\/\/www.rauhalahtiroadrunners.com\/?p=1124\">Kivitippu-ultra<\/a>, Lappaj\u00e4rvi (1 kuva)<\/p>\n<p>7.9.2013 <a title=\"Kuopio maraton 2013\" href=\"http:\/\/www.rauhalahtiroadrunners.com\/?p=1154\" target=\"_blank\">Kuopio maraton<\/a><br \/>\n8.9.2013 <a title=\"Tallinnan maraton\" href=\"http:\/\/www.rauhalahtiroadrunners.com\/?p=1141\" target=\"_blank\">Tallinna<\/a><br \/>\n29.9.2013 <a title=\"Berliini 2013\" href=\"http:\/\/www.rauhalahtiroadrunners.com\/?p=1201\" target=\"_blank\">Berliini<\/a><\/p>\n<p>2.11.2013 <a title=\"RRR:n maastomestaruuskisa 2013\" href=\"http:\/\/www.rauhalahtiroadrunners.com\/?p=1269\" target=\"_blank\">RRR:n maastomestaruuskisa<\/a><br \/>\n30.11.2013 <a title=\"Pikkujoulu 2013\" href=\"http:\/\/www.rauhalahtiroadrunners.com\/?p=1327\" target=\"_blank\">RRR:n pikkujoulu<\/a><\/p>\n<p>6.12.2013 Itsen\u00e4isyysmaraton<br \/>\n8.12.2013 <a title=\"Honolulu 2013\" href=\"http:\/\/www.rauhalahtiroadrunners.com\/?page_id=1323\" target=\"_blank\">Honolulun maraton<\/a><br \/>\n31.12.2013 <a title=\"Maaninka UV-juoksu\" href=\"http:\/\/www.rauhalahtiroadrunners.com\/?p=1372\">Maaningan UV-juoksu<\/a><\/p>\n<p>&nbsp;<\/p>\n","protected":false},"excerpt":{"rendered":"<p>Vuoden 2013 kuvasatoa: 27.1.2013 Kotirataultra 13.4.2013 Kolmen Kylpyl\u00e4n Kirmaisu 20.4.2013 Kallavesj-h\u00f6lkk\u00e4 6.5.2013 Markun 60v-juhlajuoksu 11.5.2013 Kuopio 6h Run 11.5.2013 L\u00e4nsiranta-h\u00f6l\u00f6kk\u00e4 18.5.2013 Varkaus Puolikas 18.5.2013 Tahko Run (1 kuva) 25.5.2013 Terwamaraton ja SVU-SM-maraton 5.6.2013 Valkeisenlammen ymp\u00e4rijuoksu 13.6.2013 RRR:n kes\u00e4idus 14.6.2013 Ari J\u00e4rvel\u00e4isen 50v-juhlat 21.6.2013 Kiimasen Savulenkki, Saarij\u00e4rvi 29.6.-.3.7.2013 Pietarin maratonmatka 26.7.2013 Kivennavan kierto 24.8.2013 Kivitippu-ultra, Lappaj\u00e4rvi &#8230; <a title=\"Valokuvat 2013\" class=\"read-more\" href=\"https:\/\/www.rauhalahtiroadrunners.com\/?page_id=1013\" aria-label=\"Lue lis\u00e4\u00e4 aiheesta Valokuvat 2013\">Lue lis\u00e4\u00e4<\/a><\/p>\n","protected":false},"author":3,"featured_media":0,"parent":21,"menu_order":0,"comment_status":"closed","ping_status":"open","template":"","meta":{"footnotes":""},"class_list":["post-1013","page","type-page","status-publish"],"_links":{"self":[{"href":"https:\/\/www.rauhalahtiroadrunners.com\/index.php?rest_route=\/wp\/v2\/pages\/1013","targetHints":{"allow":["GET"]}}],"collection":[{"href":"https:\/\/www.rauhalahtiroadrunners.com\/index.php?rest_route=\/wp\/v2\/pages"}],"about":[{"href":"https:\/\/www.rauhalahtiroadrunners.com\/index.php?rest_route=\/wp\/v2\/types\/page"}],"author":[{"embeddable":true,"href":"https:\/\/www.rauhalahtiroadrunners.com\/index.php?rest_route=\/wp\/v2\/users\/3"}],"replies":[{"embeddable":true,"href":"https:\/\/www.rauhalahtiroadrunners.com\/index.php?rest_route=%2Fwp%2Fv2%2Fcomments&post=1013"}],"version-history":[{"count":5,"href":"https:\/\/www.rauhalahtiroadrunners.com\/index.php?rest_route=\/wp\/v2\/pages\/1013\/revisions"}],"predecessor-version":[{"id":1379,"href":"https:\/\/www.rauhalahtiroadrunners.com\/index.php?rest_route=\/wp\/v2\/pages\/1013\/revisions\/1379"}],"up":[{"embeddable":true,"href":"https:\/\/www.rauhalahtiroadrunners.com\/index.php?rest_route=\/wp\/v2\/pages\/21"}],"wp:attachment":[{"href":"https:\/\/www.rauhalahtiroadrunners.com\/index.php?rest_route=%2Fwp%2Fv2%2Fmedia&parent=1013"}],"curies":[{"name":"wp","href":"https:\/\/api.w.org\/{rel}","templated":true}]}}